{"id":71438,"date":"2026-04-17T14:50:06","date_gmt":"2026-04-17T12:50:06","guid":{"rendered":"https:\/\/shop.vallin.lv\/product\/super-power-portable-genset-9-kva-72-kw-400v-electric-start-ats\/"},"modified":"2026-04-20T08:22:32","modified_gmt":"2026-04-20T06:22:32","slug":"super-power-portable-genset-9-kva-72-kw-400v-electric-start-ats","status":"publish","type":"product","link":"https:\/\/shop.vallin.lv\/lt\/produktas\/super-power-portable-genset-9-kva-72-kw-400v-electric-start-ats\/","title":{"rendered":"Super Power ne\u0161iojamas generatorius 9 kVA \/ 7,2 kW, 400V, elektrinis paleidimas + ATS"},"content":{"rendered":"<p>CGM9000SPE Powerful generator for higher loads; Power: 9.0 kVA \/ 7.2 kW; Voltage: 230V; Starter: electric<\/p>\n<p><a href=\"https:\/\/www.cgmitalia.it\/en\/portable-generating-sets\/quiet-portable-generators\" target=\"_blank\" rel=\"noopener\">Daugiau informacijos<\/a><\/p>\n<p>Duomen\u0173 lapas:<br \/>\n<a href=\"https:\/\/shop.vallin.lv\/wp-content\/uploads\/2026\/04\/portable-generator-9000spe.pdf\" target=\"_blank\">Per\u017ei\u016br\u0117ti<\/a><\/p>","protected":false},"excerpt":{"rendered":"<p>CGM9000SPE Powerful generator for higher loads; Power: 9.0 kVA \/ 7.2 kW; Voltage: 230V; Starter: electric More information Data Sheet:<\/p>","protected":false},"featured_media":71438,"template":"","meta":[],"product_brand":[],"product_cat":[801],"product_tag":[],"class_list":{"0":"post-71438","1":"product","2":"type-product","3":"status-publish","4":"has-post-thumbnail","6":"product_cat-petrol","8":"first","9":"outofstock","10":"taxable","11":"shipping-taxable","12":"purchasable","13":"product-type-simple"},"_links":{"self":[{"href":"https:\/\/shop.vallin.lv\/lt\/wp-json\/wp\/v2\/product\/71438","targetHints":{"allow":["GET"]}}],"collection":[{"href":"https:\/\/shop.vallin.lv\/lt\/wp-json\/wp\/v2\/product"}],"about":[{"href":"https:\/\/shop.vallin.lv\/lt\/wp-json\/wp\/v2\/types\/product"}],"version-history":[{"count":1,"href":"https:\/\/shop.vallin.lv\/lt\/wp-json\/wp\/v2\/product\/71438\/revisions"}],"predecessor-version":[{"id":71496,"href":"https:\/\/shop.vallin.lv\/lt\/wp-json\/wp\/v2\/product\/71438\/revisions\/71496"}],"wp:featuredmedia":[{"embeddable":true,"href":"https:\/\/shop.vallin.lv\/lt\/wp-json\/wp\/v2\/product\/71438"}],"wp:attachment":[{"href":"https:\/\/shop.vallin.lv\/lt\/wp-json\/wp\/v2\/media?parent=71438"}],"wp:term":[{"taxonomy":"product_brand","embeddable":true,"href":"https:\/\/shop.vallin.lv\/lt\/wp-json\/wp\/v2\/product_brand?post=71438"},{"taxonomy":"product_cat","embeddable":true,"href":"https:\/\/shop.vallin.lv\/lt\/wp-json\/wp\/v2\/product_cat?post=71438"},{"taxonomy":"product_tag","embeddable":true,"href":"https:\/\/shop.vallin.lv\/lt\/wp-json\/wp\/v2\/product_tag?post=71438"}],"curies":[{"name":"wp","href":"https:\/\/api.w.org\/{rel}","templated":true}]}}