{"id":71437,"date":"2026-04-17T14:50:05","date_gmt":"2026-04-17T12:50:05","guid":{"rendered":"https:\/\/shop.vallin.lv\/product\/super-power-portable-genset-6-kva-54-kw-230v-electric-start-ats\/"},"modified":"2026-04-21T10:29:04","modified_gmt":"2026-04-21T08:29:04","slug":"super-power-portable-genset-6-kva-54-kw-230v-electric-start-ats","status":"publish","type":"product","link":"https:\/\/shop.vallin.lv\/lt\/produktas\/super-power-portable-genset-6-kva-54-kw-230v-electric-start-ats\/","title":{"rendered":"Super Power ne\u0161iojamas generatorius 6 kVA \/ 5,4 kW, 230V, elektrinis paleidimas + ATS"},"content":{"rendered":"<p>CGM6000SPA Suitable for backup power with ATS connection; Power: 6.0 kVA \/ 5.4 kW; Voltage: 230V; Starter: electric; ATS: yes<\/p>\n<p><a href=\"https:\/\/www.cgmitalia.it\/en\/portable-generating-sets\/quiet-portable-generators\" target=\"_blank\" rel=\"noopener\">Daugiau informacijos<\/a><\/p>\n<p>Duomen\u0173 lapas:<br \/>\n<a href=\"https:\/\/shop.vallin.lv\/wp-content\/uploads\/2026\/04\/portable-generator-6000spa.pdf\" target=\"_blank\">Per\u017ei\u016br\u0117ti<\/a><\/p>","protected":false},"excerpt":{"rendered":"<p>CGM6000SPA Suitable for backup power with ATS connection; Power: 6.0 kVA \/ 5.4 kW; Voltage: 230V; Starter: electric; ATS: yes<\/p>","protected":false},"featured_media":71437,"template":"","meta":[],"product_brand":[],"product_cat":[801],"product_tag":[],"class_list":{"0":"post-71437","1":"product","2":"type-product","3":"status-publish","4":"has-post-thumbnail","6":"product_cat-petrol","8":"first","9":"instock","10":"taxable","11":"shipping-taxable","12":"purchasable","13":"product-type-simple"},"_links":{"self":[{"href":"https:\/\/shop.vallin.lv\/lt\/wp-json\/wp\/v2\/product\/71437","targetHints":{"allow":["GET"]}}],"collection":[{"href":"https:\/\/shop.vallin.lv\/lt\/wp-json\/wp\/v2\/product"}],"about":[{"href":"https:\/\/shop.vallin.lv\/lt\/wp-json\/wp\/v2\/types\/product"}],"version-history":[{"count":1,"href":"https:\/\/shop.vallin.lv\/lt\/wp-json\/wp\/v2\/product\/71437\/revisions"}],"predecessor-version":[{"id":71495,"href":"https:\/\/shop.vallin.lv\/lt\/wp-json\/wp\/v2\/product\/71437\/revisions\/71495"}],"wp:featuredmedia":[{"embeddable":true,"href":"https:\/\/shop.vallin.lv\/lt\/wp-json\/wp\/v2\/product\/71437"}],"wp:attachment":[{"href":"https:\/\/shop.vallin.lv\/lt\/wp-json\/wp\/v2\/media?parent=71437"}],"wp:term":[{"taxonomy":"product_brand","embeddable":true,"href":"https:\/\/shop.vallin.lv\/lt\/wp-json\/wp\/v2\/product_brand?post=71437"},{"taxonomy":"product_cat","embeddable":true,"href":"https:\/\/shop.vallin.lv\/lt\/wp-json\/wp\/v2\/product_cat?post=71437"},{"taxonomy":"product_tag","embeddable":true,"href":"https:\/\/shop.vallin.lv\/lt\/wp-json\/wp\/v2\/product_tag?post=71437"}],"curies":[{"name":"wp","href":"https:\/\/api.w.org\/{rel}","templated":true}]}}