{"id":41419,"date":"2025-12-12T13:43:52","date_gmt":"2025-12-12T11:43:52","guid":{"rendered":"https:\/\/shop.vallin.lv\/product\/insulation-handling-stick-extension\/"},"modified":"2026-03-12T14:17:13","modified_gmt":"2026-03-12T12:17:13","slug":"insulation-handling-stick-extension","status":"publish","type":"product","link":"https:\/\/shop.vallin.lv\/lt\/produktas\/insulation-handling-stick-extension\/","title":{"rendered":"Izoliacijos tvarkymo Stick prat\u0119simas"},"content":{"rendered":"<p>The extension for insulating handling stick is a part of equipment for use in live working from 0,4kV to 36kV AC by the method of moisturizing, filling cable heads and handling bolted connections.<\/p>\n<p>Duomen\u0173 lapas:<br \/>\n<a href=\"https:\/\/hubix.pl\/en\/search\/insulation-handling-stick-extension.html\" target=\"_blank\">Per\u017ei\u016br\u0117ti<\/a><\/p>","protected":false},"excerpt":{"rendered":"<p>The extension for insulating handling stick is a part of equipment for use in live working from 0,4kV to 36kV<\/p>","protected":false},"featured_media":41419,"template":"","meta":[],"product_brand":[],"product_cat":[863],"product_tag":[],"class_list":{"0":"post-41419","1":"product","2":"type-product","3":"status-publish","4":"has-post-thumbnail","6":"product_cat-wet-cleaning-20kv","8":"first","9":"outofstock","10":"taxable","11":"shipping-taxable","12":"purchasable","13":"product-type-simple"},"_links":{"self":[{"href":"https:\/\/shop.vallin.lv\/lt\/wp-json\/wp\/v2\/product\/41419","targetHints":{"allow":["GET"]}}],"collection":[{"href":"https:\/\/shop.vallin.lv\/lt\/wp-json\/wp\/v2\/product"}],"about":[{"href":"https:\/\/shop.vallin.lv\/lt\/wp-json\/wp\/v2\/types\/product"}],"version-history":[{"count":1,"href":"https:\/\/shop.vallin.lv\/lt\/wp-json\/wp\/v2\/product\/41419\/revisions"}],"predecessor-version":[{"id":42155,"href":"https:\/\/shop.vallin.lv\/lt\/wp-json\/wp\/v2\/product\/41419\/revisions\/42155"}],"wp:featuredmedia":[{"embeddable":true,"href":"https:\/\/shop.vallin.lv\/lt\/wp-json\/wp\/v2\/product\/41419"}],"wp:attachment":[{"href":"https:\/\/shop.vallin.lv\/lt\/wp-json\/wp\/v2\/media?parent=41419"}],"wp:term":[{"taxonomy":"product_brand","embeddable":true,"href":"https:\/\/shop.vallin.lv\/lt\/wp-json\/wp\/v2\/product_brand?post=41419"},{"taxonomy":"product_cat","embeddable":true,"href":"https:\/\/shop.vallin.lv\/lt\/wp-json\/wp\/v2\/product_cat?post=41419"},{"taxonomy":"product_tag","embeddable":true,"href":"https:\/\/shop.vallin.lv\/lt\/wp-json\/wp\/v2\/product_tag?post=41419"}],"curies":[{"name":"wp","href":"https:\/\/api.w.org\/{rel}","templated":true}]}}