{"id":41418,"date":"2025-12-12T13:43:51","date_gmt":"2025-12-12T11:43:51","guid":{"rendered":"https:\/\/shop.vallin.lv\/product\/insulating-handling-stick-l1300-mm\/"},"modified":"2026-03-12T14:17:12","modified_gmt":"2026-03-12T12:17:12","slug":"insulating-handling-stick-l1300-mm","status":"publish","type":"product","link":"https:\/\/shop.vallin.lv\/lt\/produktas\/insulating-handling-stick-l1300-mm\/","title":{"rendered":"Izoliacin\u0117 rankena Stick L=1300 mm"},"content":{"rendered":"<p>The stick is the basic part of the equipment for cleaning electrical equipment in live works from 0,4kV to 36kV by the method of moisturizing, filling cable heads and handling bolted connections.<\/p>\n<p>Duomen\u0173 lapas:<br \/>\n<a href=\"https:\/\/hubix.pl\/en\/search\/insulating-handling-stick.html\" target=\"_blank\">Per\u017ei\u016br\u0117ti<\/a><\/p>","protected":false},"excerpt":{"rendered":"<p>The stick is the basic part of the equipment for cleaning electrical equipment in live works from 0,4kV to 36kV<\/p>","protected":false},"featured_media":41418,"template":"","meta":[],"product_brand":[],"product_cat":[863],"product_tag":[],"class_list":{"0":"post-41418","1":"product","2":"type-product","3":"status-publish","4":"has-post-thumbnail","6":"product_cat-wet-cleaning-20kv","8":"first","9":"outofstock","10":"taxable","11":"shipping-taxable","12":"purchasable","13":"product-type-simple"},"_links":{"self":[{"href":"https:\/\/shop.vallin.lv\/lt\/wp-json\/wp\/v2\/product\/41418","targetHints":{"allow":["GET"]}}],"collection":[{"href":"https:\/\/shop.vallin.lv\/lt\/wp-json\/wp\/v2\/product"}],"about":[{"href":"https:\/\/shop.vallin.lv\/lt\/wp-json\/wp\/v2\/types\/product"}],"version-history":[{"count":1,"href":"https:\/\/shop.vallin.lv\/lt\/wp-json\/wp\/v2\/product\/41418\/revisions"}],"predecessor-version":[{"id":42154,"href":"https:\/\/shop.vallin.lv\/lt\/wp-json\/wp\/v2\/product\/41418\/revisions\/42154"}],"wp:featuredmedia":[{"embeddable":true,"href":"https:\/\/shop.vallin.lv\/lt\/wp-json\/wp\/v2\/product\/41418"}],"wp:attachment":[{"href":"https:\/\/shop.vallin.lv\/lt\/wp-json\/wp\/v2\/media?parent=41418"}],"wp:term":[{"taxonomy":"product_brand","embeddable":true,"href":"https:\/\/shop.vallin.lv\/lt\/wp-json\/wp\/v2\/product_brand?post=41418"},{"taxonomy":"product_cat","embeddable":true,"href":"https:\/\/shop.vallin.lv\/lt\/wp-json\/wp\/v2\/product_cat?post=41418"},{"taxonomy":"product_tag","embeddable":true,"href":"https:\/\/shop.vallin.lv\/lt\/wp-json\/wp\/v2\/product_tag?post=41418"}],"curies":[{"name":"wp","href":"https:\/\/api.w.org\/{rel}","templated":true}]}}