{"id":41417,"date":"2025-12-12T13:43:51","date_gmt":"2025-12-12T11:43:51","guid":{"rendered":"https:\/\/shop.vallin.lv\/product\/replacement-sponge-for-a-tampon-80x70x20-mm\/"},"modified":"2026-03-12T14:17:41","modified_gmt":"2026-03-12T12:17:41","slug":"replacement-sponge-for-a-tampon-80x70x20-mm","status":"publish","type":"product","link":"https:\/\/shop.vallin.lv\/lt\/produktas\/replacement-sponge-for-a-tampon-80x70x20-mm\/","title":{"rendered":"Kei\u010diama kempin\u0117 tamponui, 80x70x20 mm"},"content":{"rendered":"<p>The sponge tampons are part of the equipment for cleaning electrical equipment at voltages up to 36 kV, using the wet method. Tampons are designed both to spread the cleaning fluid and to remove it along with dirt from the surface of the device.<\/p>\n<p>Duomen\u0173 lapas:<br \/>\n<a href=\"https:\/\/hubix.pl\/en\/search\/replacement-sponge-for-a-tampon-80x70x20-mm.html\" target=\"_blank\">Per\u017ei\u016br\u0117ti<\/a><\/p>","protected":false},"excerpt":{"rendered":"<p>The sponge tampons are part of the equipment for cleaning electrical equipment at voltages up to 36 kV, using the<\/p>","protected":false},"featured_media":41417,"template":"","meta":[],"product_brand":[],"product_cat":[863],"product_tag":[],"class_list":{"0":"post-41417","1":"product","2":"type-product","3":"status-publish","4":"has-post-thumbnail","6":"product_cat-wet-cleaning-20kv","8":"first","9":"outofstock","10":"taxable","11":"shipping-taxable","12":"purchasable","13":"product-type-simple"},"_links":{"self":[{"href":"https:\/\/shop.vallin.lv\/lt\/wp-json\/wp\/v2\/product\/41417","targetHints":{"allow":["GET"]}}],"collection":[{"href":"https:\/\/shop.vallin.lv\/lt\/wp-json\/wp\/v2\/product"}],"about":[{"href":"https:\/\/shop.vallin.lv\/lt\/wp-json\/wp\/v2\/types\/product"}],"version-history":[{"count":1,"href":"https:\/\/shop.vallin.lv\/lt\/wp-json\/wp\/v2\/product\/41417\/revisions"}],"predecessor-version":[{"id":42153,"href":"https:\/\/shop.vallin.lv\/lt\/wp-json\/wp\/v2\/product\/41417\/revisions\/42153"}],"wp:featuredmedia":[{"embeddable":true,"href":"https:\/\/shop.vallin.lv\/lt\/wp-json\/wp\/v2\/product\/41417"}],"wp:attachment":[{"href":"https:\/\/shop.vallin.lv\/lt\/wp-json\/wp\/v2\/media?parent=41417"}],"wp:term":[{"taxonomy":"product_brand","embeddable":true,"href":"https:\/\/shop.vallin.lv\/lt\/wp-json\/wp\/v2\/product_brand?post=41417"},{"taxonomy":"product_cat","embeddable":true,"href":"https:\/\/shop.vallin.lv\/lt\/wp-json\/wp\/v2\/product_cat?post=41417"},{"taxonomy":"product_tag","embeddable":true,"href":"https:\/\/shop.vallin.lv\/lt\/wp-json\/wp\/v2\/product_tag?post=41417"}],"curies":[{"name":"wp","href":"https:\/\/api.w.org\/{rel}","templated":true}]}}