{"id":41310,"date":"2025-12-12T13:42:49","date_gmt":"2025-12-12T11:42:49","guid":{"rendered":"https:\/\/shop.vallin.lv\/product\/insulating-stick-curved-saw\/"},"modified":"2026-03-12T14:18:05","modified_gmt":"2026-03-12T12:18:05","slug":"insulating-stick-curved-saw","status":"publish","type":"product","link":"https:\/\/shop.vallin.lv\/lt\/produktas\/insulating-stick-curved-saw\/","title":{"rendered":"Izoliacinis Stick Lenktas pj\u016bklas"},"content":{"rendered":"<p>The saw mounted on insulating or telescopic sticks is used to remove small tree branches growing near low and medium voltage overhead power lines.<\/p>\n<p>Duomen\u0173 lapas:<br \/>\n<a href=\"https:\/\/hubix.pl\/en\/search\/insulating-stick-curved-saw.html\" target=\"_blank\">Per\u017ei\u016br\u0117ti<\/a><\/p>","protected":false},"excerpt":{"rendered":"<p>The saw mounted on insulating or telescopic sticks is used to remove small tree branches growing near low and medium<\/p>","protected":false},"featured_media":41310,"template":"","meta":[],"product_brand":[],"product_cat":[865],"product_tag":[],"class_list":{"0":"post-41310","1":"product","2":"type-product","3":"status-publish","4":"has-post-thumbnail","6":"product_cat-specialised","8":"first","9":"outofstock","10":"taxable","11":"shipping-taxable","12":"purchasable","13":"product-type-simple"},"_links":{"self":[{"href":"https:\/\/shop.vallin.lv\/lt\/wp-json\/wp\/v2\/product\/41310","targetHints":{"allow":["GET"]}}],"collection":[{"href":"https:\/\/shop.vallin.lv\/lt\/wp-json\/wp\/v2\/product"}],"about":[{"href":"https:\/\/shop.vallin.lv\/lt\/wp-json\/wp\/v2\/types\/product"}],"version-history":[{"count":1,"href":"https:\/\/shop.vallin.lv\/lt\/wp-json\/wp\/v2\/product\/41310\/revisions"}],"predecessor-version":[{"id":42046,"href":"https:\/\/shop.vallin.lv\/lt\/wp-json\/wp\/v2\/product\/41310\/revisions\/42046"}],"wp:featuredmedia":[{"embeddable":true,"href":"https:\/\/shop.vallin.lv\/lt\/wp-json\/wp\/v2\/product\/41310"}],"wp:attachment":[{"href":"https:\/\/shop.vallin.lv\/lt\/wp-json\/wp\/v2\/media?parent=41310"}],"wp:term":[{"taxonomy":"product_brand","embeddable":true,"href":"https:\/\/shop.vallin.lv\/lt\/wp-json\/wp\/v2\/product_brand?post=41310"},{"taxonomy":"product_cat","embeddable":true,"href":"https:\/\/shop.vallin.lv\/lt\/wp-json\/wp\/v2\/product_cat?post=41310"},{"taxonomy":"product_tag","embeddable":true,"href":"https:\/\/shop.vallin.lv\/lt\/wp-json\/wp\/v2\/product_tag?post=41310"}],"curies":[{"name":"wp","href":"https:\/\/api.w.org\/{rel}","templated":true}]}}