{"id":41306,"date":"2025-12-12T13:42:47","date_gmt":"2025-12-12T11:42:47","guid":{"rendered":"https:\/\/shop.vallin.lv\/product\/length-indicator-with-universal-adapter\/"},"modified":"2026-03-12T14:17:32","modified_gmt":"2026-03-12T12:17:32","slug":"length-indicator-with-universal-adapter","status":"publish","type":"product","link":"https:\/\/shop.vallin.lv\/lt\/produktas\/length-indicator-with-universal-adapter\/","title":{"rendered":"Ilgio indikatorius su universaliu adapteriu"},"content":{"rendered":"<p>The gauge is designed to evaluate the distance between elements of different potentials, during live work on distribution equipment and cable lines.<\/p>\n<p>Duomen\u0173 lapas:<br \/>\n<a href=\"https:\/\/hubix.pl\/en\/search\/length-indicator-with-universal-adapter.html\" target=\"_blank\">Per\u017ei\u016br\u0117ti<\/a><\/p>","protected":false},"excerpt":{"rendered":"<p>The gauge is designed to evaluate the distance between elements of different potentials, during live work on distribution equipment and<\/p>","protected":false},"featured_media":41306,"template":"","meta":[],"product_brand":[],"product_cat":[865],"product_tag":[],"class_list":{"0":"post-41306","1":"product","2":"type-product","3":"status-publish","4":"has-post-thumbnail","6":"product_cat-specialised","8":"first","9":"outofstock","10":"taxable","11":"shipping-taxable","12":"purchasable","13":"product-type-simple"},"_links":{"self":[{"href":"https:\/\/shop.vallin.lv\/lt\/wp-json\/wp\/v2\/product\/41306","targetHints":{"allow":["GET"]}}],"collection":[{"href":"https:\/\/shop.vallin.lv\/lt\/wp-json\/wp\/v2\/product"}],"about":[{"href":"https:\/\/shop.vallin.lv\/lt\/wp-json\/wp\/v2\/types\/product"}],"version-history":[{"count":1,"href":"https:\/\/shop.vallin.lv\/lt\/wp-json\/wp\/v2\/product\/41306\/revisions"}],"predecessor-version":[{"id":42042,"href":"https:\/\/shop.vallin.lv\/lt\/wp-json\/wp\/v2\/product\/41306\/revisions\/42042"}],"wp:featuredmedia":[{"embeddable":true,"href":"https:\/\/shop.vallin.lv\/lt\/wp-json\/wp\/v2\/product\/41306"}],"wp:attachment":[{"href":"https:\/\/shop.vallin.lv\/lt\/wp-json\/wp\/v2\/media?parent=41306"}],"wp:term":[{"taxonomy":"product_brand","embeddable":true,"href":"https:\/\/shop.vallin.lv\/lt\/wp-json\/wp\/v2\/product_brand?post=41306"},{"taxonomy":"product_cat","embeddable":true,"href":"https:\/\/shop.vallin.lv\/lt\/wp-json\/wp\/v2\/product_cat?post=41306"},{"taxonomy":"product_tag","embeddable":true,"href":"https:\/\/shop.vallin.lv\/lt\/wp-json\/wp\/v2\/product_tag?post=41306"}],"curies":[{"name":"wp","href":"https:\/\/api.w.org\/{rel}","templated":true}]}}