{"id":41304,"date":"2025-12-12T13:42:46","date_gmt":"2025-12-12T11:42:46","guid":{"rendered":"https:\/\/shop.vallin.lv\/product\/ring-ratchet-wrench-with-universal-adaptor-no-24\/"},"modified":"2026-03-12T14:15:43","modified_gmt":"2026-03-12T12:15:43","slug":"ring-ratchet-wrench-with-universal-adaptor-no-24","status":"publish","type":"product","link":"https:\/\/shop.vallin.lv\/lt\/produktas\/ring-ratchet-wrench-with-universal-adaptor-no-24\/","title":{"rendered":"\u017diedinis ver\u017eliaraktis su universaliu adapteriu Nr. 24"},"content":{"rendered":"<p>Reversible ring wrenches are designed for loosening and tightening the screw connections of electrical equipment in live working from 6 kV to 36 kV (wrenches with red insulation) or from 15kV to 36kV (wrenches with black insulation).<\/p>\n<p>Duomen\u0173 lapas:<br \/>\n<a href=\"https:\/\/hubix.pl\/en\/search\/ring-ratchet-wrench-with-universal-adaptor-no-24.html\" target=\"_blank\">Per\u017ei\u016br\u0117ti<\/a><\/p>","protected":false},"excerpt":{"rendered":"<p>Reversible ring wrenches are designed for loosening and tightening the screw connections of electrical equipment in live working from 6<\/p>","protected":false},"featured_media":41304,"template":"","meta":[],"product_brand":[],"product_cat":[865],"product_tag":[],"class_list":{"0":"post-41304","1":"product","2":"type-product","3":"status-publish","4":"has-post-thumbnail","6":"product_cat-specialised","8":"first","9":"outofstock","10":"taxable","11":"shipping-taxable","12":"purchasable","13":"product-type-simple"},"_links":{"self":[{"href":"https:\/\/shop.vallin.lv\/lt\/wp-json\/wp\/v2\/product\/41304","targetHints":{"allow":["GET"]}}],"collection":[{"href":"https:\/\/shop.vallin.lv\/lt\/wp-json\/wp\/v2\/product"}],"about":[{"href":"https:\/\/shop.vallin.lv\/lt\/wp-json\/wp\/v2\/types\/product"}],"version-history":[{"count":1,"href":"https:\/\/shop.vallin.lv\/lt\/wp-json\/wp\/v2\/product\/41304\/revisions"}],"predecessor-version":[{"id":42040,"href":"https:\/\/shop.vallin.lv\/lt\/wp-json\/wp\/v2\/product\/41304\/revisions\/42040"}],"wp:featuredmedia":[{"embeddable":true,"href":"https:\/\/shop.vallin.lv\/lt\/wp-json\/wp\/v2\/product\/41304"}],"wp:attachment":[{"href":"https:\/\/shop.vallin.lv\/lt\/wp-json\/wp\/v2\/media?parent=41304"}],"wp:term":[{"taxonomy":"product_brand","embeddable":true,"href":"https:\/\/shop.vallin.lv\/lt\/wp-json\/wp\/v2\/product_brand?post=41304"},{"taxonomy":"product_cat","embeddable":true,"href":"https:\/\/shop.vallin.lv\/lt\/wp-json\/wp\/v2\/product_cat?post=41304"},{"taxonomy":"product_tag","embeddable":true,"href":"https:\/\/shop.vallin.lv\/lt\/wp-json\/wp\/v2\/product_tag?post=41304"}],"curies":[{"name":"wp","href":"https:\/\/api.w.org\/{rel}","templated":true}]}}