{"id":41282,"date":"2025-12-12T13:42:35","date_gmt":"2025-12-12T11:42:35","guid":{"rendered":"https:\/\/shop.vallin.lv\/product\/screwdriver-socket-1-2-25-1\/"},"modified":"2026-03-12T14:17:32","modified_gmt":"2026-03-12T12:17:32","slug":"screwdriver-socket-1-2-25-1","status":"publish","type":"product","link":"https:\/\/shop.vallin.lv\/lt\/produktas\/screwdriver-socket-1-2-25-1\/","title":{"rendered":"Screwdriver socket 1\/2&#8243; 2,5\/1"},"content":{"rendered":"<p>The screwdriver sockets are designed for loosening and tightening the screw connections of electrical equipment in live working from 6 kV to 36 kV and for loosening screws the filling hole at cable terminations.<\/p>\n<p>Duomen\u0173 lapas:<br \/>\n<a href=\"https:\/\/hubix.pl\/en\/search\/screwdriver-socket-12-251.html\" target=\"_blank\">Per\u017ei\u016br\u0117ti<\/a><\/p>","protected":false},"excerpt":{"rendered":"<p>The screwdriver sockets are designed for loosening and tightening the screw connections of electrical equipment in live working from 6<\/p>","protected":false},"featured_media":41282,"template":"","meta":[],"product_brand":[],"product_cat":[865],"product_tag":[],"class_list":{"0":"post-41282","1":"product","2":"type-product","3":"status-publish","4":"has-post-thumbnail","6":"product_cat-specialised","8":"first","9":"outofstock","10":"taxable","11":"shipping-taxable","12":"purchasable","13":"product-type-simple"},"_links":{"self":[{"href":"https:\/\/shop.vallin.lv\/lt\/wp-json\/wp\/v2\/product\/41282","targetHints":{"allow":["GET"]}}],"collection":[{"href":"https:\/\/shop.vallin.lv\/lt\/wp-json\/wp\/v2\/product"}],"about":[{"href":"https:\/\/shop.vallin.lv\/lt\/wp-json\/wp\/v2\/types\/product"}],"version-history":[{"count":1,"href":"https:\/\/shop.vallin.lv\/lt\/wp-json\/wp\/v2\/product\/41282\/revisions"}],"predecessor-version":[{"id":42018,"href":"https:\/\/shop.vallin.lv\/lt\/wp-json\/wp\/v2\/product\/41282\/revisions\/42018"}],"wp:featuredmedia":[{"embeddable":true,"href":"https:\/\/shop.vallin.lv\/lt\/wp-json\/wp\/v2\/product\/41282"}],"wp:attachment":[{"href":"https:\/\/shop.vallin.lv\/lt\/wp-json\/wp\/v2\/media?parent=41282"}],"wp:term":[{"taxonomy":"product_brand","embeddable":true,"href":"https:\/\/shop.vallin.lv\/lt\/wp-json\/wp\/v2\/product_brand?post=41282"},{"taxonomy":"product_cat","embeddable":true,"href":"https:\/\/shop.vallin.lv\/lt\/wp-json\/wp\/v2\/product_cat?post=41282"},{"taxonomy":"product_tag","embeddable":true,"href":"https:\/\/shop.vallin.lv\/lt\/wp-json\/wp\/v2\/product_tag?post=41282"}],"curies":[{"name":"wp","href":"https:\/\/api.w.org\/{rel}","templated":true}]}}