{"id":41279,"date":"2025-12-12T13:42:33","date_gmt":"2025-12-12T11:42:33","guid":{"rendered":"https:\/\/shop.vallin.lv\/product\/short-socket-1-2-inch-for-insulating-rotating-rod-no-19\/"},"modified":"2026-03-12T14:16:44","modified_gmt":"2026-03-12T12:16:44","slug":"short-socket-1-2-inch-for-insulating-rotating-rod-no-19","status":"publish","type":"product","link":"https:\/\/shop.vallin.lv\/lt\/produktas\/short-socket-1-2-inch-for-insulating-rotating-rod-no-19\/","title":{"rendered":"Trumpas lizdas 1\/2 colio izoliacinei besisukan\u010diai strypui Nr. 19"},"content":{"rendered":"<p>Short fittings are designed for loosening and tightening screw connections of electrical devices under voltages ranging from 6kV to 36kV.<\/p>\n<p>Duomen\u0173 lapas:<br \/>\n<a href=\"https:\/\/hubix.pl\/en\/search\/short-socket-12-inch-for-insulating-rotating-rod-no-19.html\" target=\"_blank\">Per\u017ei\u016br\u0117ti<\/a><\/p>","protected":false},"excerpt":{"rendered":"<p>Short fittings are designed for loosening and tightening screw connections of electrical devices under voltages ranging from 6kV to 36kV.<\/p>","protected":false},"featured_media":41279,"template":"","meta":[],"product_brand":[],"product_cat":[865],"product_tag":[],"class_list":{"0":"post-41279","1":"product","2":"type-product","3":"status-publish","4":"has-post-thumbnail","6":"product_cat-specialised","8":"first","9":"outofstock","10":"taxable","11":"shipping-taxable","12":"purchasable","13":"product-type-simple"},"_links":{"self":[{"href":"https:\/\/shop.vallin.lv\/lt\/wp-json\/wp\/v2\/product\/41279","targetHints":{"allow":["GET"]}}],"collection":[{"href":"https:\/\/shop.vallin.lv\/lt\/wp-json\/wp\/v2\/product"}],"about":[{"href":"https:\/\/shop.vallin.lv\/lt\/wp-json\/wp\/v2\/types\/product"}],"version-history":[{"count":1,"href":"https:\/\/shop.vallin.lv\/lt\/wp-json\/wp\/v2\/product\/41279\/revisions"}],"predecessor-version":[{"id":42015,"href":"https:\/\/shop.vallin.lv\/lt\/wp-json\/wp\/v2\/product\/41279\/revisions\/42015"}],"wp:featuredmedia":[{"embeddable":true,"href":"https:\/\/shop.vallin.lv\/lt\/wp-json\/wp\/v2\/product\/41279"}],"wp:attachment":[{"href":"https:\/\/shop.vallin.lv\/lt\/wp-json\/wp\/v2\/media?parent=41279"}],"wp:term":[{"taxonomy":"product_brand","embeddable":true,"href":"https:\/\/shop.vallin.lv\/lt\/wp-json\/wp\/v2\/product_brand?post=41279"},{"taxonomy":"product_cat","embeddable":true,"href":"https:\/\/shop.vallin.lv\/lt\/wp-json\/wp\/v2\/product_cat?post=41279"},{"taxonomy":"product_tag","embeddable":true,"href":"https:\/\/shop.vallin.lv\/lt\/wp-json\/wp\/v2\/product_tag?post=41279"}],"curies":[{"name":"wp","href":"https:\/\/api.w.org\/{rel}","templated":true}]}}