{"id":41230,"date":"2025-12-12T13:42:04","date_gmt":"2025-12-12T11:42:04","guid":{"rendered":"https:\/\/shop.vallin.lv\/product\/insulating-wire-end-cap-dia80-mm\/"},"modified":"2026-01-22T13:48:14","modified_gmt":"2026-01-22T11:48:14","slug":"insulating-wire-end-cap-dia80-mm","status":"publish","type":"product","link":"https:\/\/shop.vallin.lv\/lt\/produktas\/insulating-wire-end-cap-dia80-mm\/","title":{"rendered":"Izoliacinis vielinio galo dangtelis, dia=80 mm"},"content":{"rendered":"<p>Flexible end caps are used for live work up to 1 000 V AC or up to 1 500 V DC. The covers are designed to protect the ends of wires and cables at switchgear devices, cable lines and overhead lines.<\/p>\n<p>Duomen\u0173 lapas:<br \/>\n<a href=\"https:\/\/hubix.pl\/en\/search\/insulating-wire-end-cap-dia80-mm.html\" target=\"_blank\">Per\u017ei\u016br\u0117ti<\/a><\/p>","protected":false},"excerpt":{"rendered":"<p>Flexible end caps are used for live work up to 1 000 V AC or up to 1 500 V<\/p>","protected":false},"featured_media":0,"template":"","meta":[],"product_brand":[],"product_cat":[862],"product_tag":[],"class_list":{"0":"post-41230","1":"product","2":"type-product","3":"status-publish","5":"product_cat-for-work-up-to-1kv","7":"first","8":"outofstock","9":"taxable","10":"shipping-taxable","11":"purchasable","12":"product-type-simple"},"_links":{"self":[{"href":"https:\/\/shop.vallin.lv\/lt\/wp-json\/wp\/v2\/product\/41230","targetHints":{"allow":["GET"]}}],"collection":[{"href":"https:\/\/shop.vallin.lv\/lt\/wp-json\/wp\/v2\/product"}],"about":[{"href":"https:\/\/shop.vallin.lv\/lt\/wp-json\/wp\/v2\/types\/product"}],"version-history":[{"count":1,"href":"https:\/\/shop.vallin.lv\/lt\/wp-json\/wp\/v2\/product\/41230\/revisions"}],"predecessor-version":[{"id":41966,"href":"https:\/\/shop.vallin.lv\/lt\/wp-json\/wp\/v2\/product\/41230\/revisions\/41966"}],"wp:attachment":[{"href":"https:\/\/shop.vallin.lv\/lt\/wp-json\/wp\/v2\/media?parent=41230"}],"wp:term":[{"taxonomy":"product_brand","embeddable":true,"href":"https:\/\/shop.vallin.lv\/lt\/wp-json\/wp\/v2\/product_brand?post=41230"},{"taxonomy":"product_cat","embeddable":true,"href":"https:\/\/shop.vallin.lv\/lt\/wp-json\/wp\/v2\/product_cat?post=41230"},{"taxonomy":"product_tag","embeddable":true,"href":"https:\/\/shop.vallin.lv\/lt\/wp-json\/wp\/v2\/product_tag?post=41230"}],"curies":[{"name":"wp","href":"https:\/\/api.w.org\/{rel}","templated":true}]}}