{"id":41219,"date":"2025-12-12T13:41:57","date_gmt":"2025-12-12T11:41:57","guid":{"rendered":"https:\/\/shop.vallin.lv\/product\/insulating-blanket-class-0-1-x-04-m\/"},"modified":"2026-03-12T14:16:04","modified_gmt":"2026-03-12T12:16:04","slug":"insulating-blanket-class-0-1-x-04-m","status":"publish","type":"product","link":"https:\/\/shop.vallin.lv\/lt\/produktas\/insulating-blanket-class-0-1-x-04-m\/","title":{"rendered":"Izoliacin\u0117 antklod\u0117, 0, klas\u0117 1 x 0,4 m"},"content":{"rendered":"<p>Electrically insulating blankets are used for live work up to 1 000 V AC or up to 1 500 V DC. Electrically insulating blankets are used to insulate the workplace on switchgear devices, cable lines and overhead lines.<\/p>\n<p>Duomen\u0173 lapas:<br \/>\n<a href=\"https:\/\/hubix.pl\/en\/search\/insulating-blanket-class-0-1-x-04-m.html\" target=\"_blank\" rel=\"noopener\">Per\u017ei\u016br\u0117ti<\/a><\/p>","protected":false},"excerpt":{"rendered":"<p>Electrically insulating blankets are used for live work up to 1 000 V AC or up to 1 500 V<\/p>","protected":false},"featured_media":41219,"template":"","meta":[],"product_brand":[],"product_cat":[862],"product_tag":[],"class_list":{"0":"post-41219","1":"product","2":"type-product","3":"status-publish","4":"has-post-thumbnail","6":"product_cat-for-work-up-to-1kv","8":"first","9":"outofstock","10":"taxable","11":"shipping-taxable","12":"purchasable","13":"product-type-simple"},"_links":{"self":[{"href":"https:\/\/shop.vallin.lv\/lt\/wp-json\/wp\/v2\/product\/41219","targetHints":{"allow":["GET"]}}],"collection":[{"href":"https:\/\/shop.vallin.lv\/lt\/wp-json\/wp\/v2\/product"}],"about":[{"href":"https:\/\/shop.vallin.lv\/lt\/wp-json\/wp\/v2\/types\/product"}],"version-history":[{"count":1,"href":"https:\/\/shop.vallin.lv\/lt\/wp-json\/wp\/v2\/product\/41219\/revisions"}],"predecessor-version":[{"id":41955,"href":"https:\/\/shop.vallin.lv\/lt\/wp-json\/wp\/v2\/product\/41219\/revisions\/41955"}],"wp:featuredmedia":[{"embeddable":true,"href":"https:\/\/shop.vallin.lv\/lt\/wp-json\/wp\/v2\/product\/41219"}],"wp:attachment":[{"href":"https:\/\/shop.vallin.lv\/lt\/wp-json\/wp\/v2\/media?parent=41219"}],"wp:term":[{"taxonomy":"product_brand","embeddable":true,"href":"https:\/\/shop.vallin.lv\/lt\/wp-json\/wp\/v2\/product_brand?post=41219"},{"taxonomy":"product_cat","embeddable":true,"href":"https:\/\/shop.vallin.lv\/lt\/wp-json\/wp\/v2\/product_cat?post=41219"},{"taxonomy":"product_tag","embeddable":true,"href":"https:\/\/shop.vallin.lv\/lt\/wp-json\/wp\/v2\/product_tag?post=41219"}],"curies":[{"name":"wp","href":"https:\/\/api.w.org\/{rel}","templated":true}]}}