{"id":41218,"date":"2025-12-12T13:41:57","date_gmt":"2025-12-12T11:41:57","guid":{"rendered":"https:\/\/shop.vallin.lv\/product\/insulator-cover\/"},"modified":"2026-01-22T13:48:11","modified_gmt":"2026-01-22T11:48:11","slug":"insulator-cover","status":"publish","type":"product","link":"https:\/\/shop.vallin.lv\/lt\/produktas\/insulator-cover\/","title":{"rendered":"Izoliatorius vir\u0161elis"},"content":{"rendered":"<p>The flexible cover is used for live work up to 1 000 V AC or up to 1 500 V DC. The cover is designed to insulate conductive elements of the overhead line together with the insulator.<\/p>\n<p>Duomen\u0173 lapas:<br \/>\n<a href=\"https:\/\/hubix.pl\/en\/search\/insulator-cover.html\" target=\"_blank\" rel=\"noopener\">Per\u017ei\u016br\u0117ti<\/a><\/p>","protected":false},"excerpt":{"rendered":"<p>The flexible cover is used for live work up to 1 000 V AC or up to 1 500 V<\/p>","protected":false},"featured_media":0,"template":"","meta":[],"product_brand":[],"product_cat":[862],"product_tag":[],"class_list":{"0":"post-41218","1":"product","2":"type-product","3":"status-publish","5":"product_cat-for-work-up-to-1kv","7":"first","8":"outofstock","9":"taxable","10":"shipping-taxable","11":"purchasable","12":"product-type-simple"},"_links":{"self":[{"href":"https:\/\/shop.vallin.lv\/lt\/wp-json\/wp\/v2\/product\/41218","targetHints":{"allow":["GET"]}}],"collection":[{"href":"https:\/\/shop.vallin.lv\/lt\/wp-json\/wp\/v2\/product"}],"about":[{"href":"https:\/\/shop.vallin.lv\/lt\/wp-json\/wp\/v2\/types\/product"}],"version-history":[{"count":1,"href":"https:\/\/shop.vallin.lv\/lt\/wp-json\/wp\/v2\/product\/41218\/revisions"}],"predecessor-version":[{"id":41954,"href":"https:\/\/shop.vallin.lv\/lt\/wp-json\/wp\/v2\/product\/41218\/revisions\/41954"}],"wp:attachment":[{"href":"https:\/\/shop.vallin.lv\/lt\/wp-json\/wp\/v2\/media?parent=41218"}],"wp:term":[{"taxonomy":"product_brand","embeddable":true,"href":"https:\/\/shop.vallin.lv\/lt\/wp-json\/wp\/v2\/product_brand?post=41218"},{"taxonomy":"product_cat","embeddable":true,"href":"https:\/\/shop.vallin.lv\/lt\/wp-json\/wp\/v2\/product_cat?post=41218"},{"taxonomy":"product_tag","embeddable":true,"href":"https:\/\/shop.vallin.lv\/lt\/wp-json\/wp\/v2\/product_tag?post=41218"}],"curies":[{"name":"wp","href":"https:\/\/api.w.org\/{rel}","templated":true}]}}