{"id":41216,"date":"2025-12-12T13:41:56","date_gmt":"2025-12-12T11:41:56","guid":{"rendered":"https:\/\/shop.vallin.lv\/product\/insulating-blanket-with-velcro-class-0-900-x-500-mm\/"},"modified":"2026-01-22T13:48:11","modified_gmt":"2026-01-22T11:48:11","slug":"insulating-blanket-with-velcro-class-0-900-x-500-mm","status":"publish","type":"product","link":"https:\/\/shop.vallin.lv\/lt\/produktas\/insulating-blanket-with-velcro-class-0-900-x-500-mm\/","title":{"rendered":"Izoliacin\u0117 antklod\u0117 su Velcro, 0, klas\u0117 900 x 500 mm"},"content":{"rendered":"<p>Electrically insulating blankets are used for live work up to 1 000 V AC or up to 1 500 V DC. Electrically insulating blankets are used to insulate the workplace on overhead lines.<\/p>\n<p>Duomen\u0173 lapas:<br \/>\n<a href=\"https:\/\/hubix.pl\/en\/search\/insulating-blanket-with-velcro-class-0-900-x-500-mm.html\" target=\"_blank\" rel=\"noopener\">Per\u017ei\u016br\u0117ti<\/a><\/p>","protected":false},"excerpt":{"rendered":"<p>Electrically insulating blankets are used for live work up to 1 000 V AC or up to 1 500 V<\/p>","protected":false},"featured_media":0,"template":"","meta":[],"product_brand":[],"product_cat":[862],"product_tag":[],"class_list":{"0":"post-41216","1":"product","2":"type-product","3":"status-publish","5":"product_cat-for-work-up-to-1kv","7":"first","8":"outofstock","9":"taxable","10":"shipping-taxable","11":"purchasable","12":"product-type-simple"},"_links":{"self":[{"href":"https:\/\/shop.vallin.lv\/lt\/wp-json\/wp\/v2\/product\/41216","targetHints":{"allow":["GET"]}}],"collection":[{"href":"https:\/\/shop.vallin.lv\/lt\/wp-json\/wp\/v2\/product"}],"about":[{"href":"https:\/\/shop.vallin.lv\/lt\/wp-json\/wp\/v2\/types\/product"}],"version-history":[{"count":1,"href":"https:\/\/shop.vallin.lv\/lt\/wp-json\/wp\/v2\/product\/41216\/revisions"}],"predecessor-version":[{"id":41952,"href":"https:\/\/shop.vallin.lv\/lt\/wp-json\/wp\/v2\/product\/41216\/revisions\/41952"}],"wp:attachment":[{"href":"https:\/\/shop.vallin.lv\/lt\/wp-json\/wp\/v2\/media?parent=41216"}],"wp:term":[{"taxonomy":"product_brand","embeddable":true,"href":"https:\/\/shop.vallin.lv\/lt\/wp-json\/wp\/v2\/product_brand?post=41216"},{"taxonomy":"product_cat","embeddable":true,"href":"https:\/\/shop.vallin.lv\/lt\/wp-json\/wp\/v2\/product_cat?post=41216"},{"taxonomy":"product_tag","embeddable":true,"href":"https:\/\/shop.vallin.lv\/lt\/wp-json\/wp\/v2\/product_tag?post=41216"}],"curies":[{"name":"wp","href":"https:\/\/api.w.org\/{rel}","templated":true}]}}