{"id":41208,"date":"2025-12-12T13:41:52","date_gmt":"2025-12-12T11:41:52","guid":{"rendered":"https:\/\/shop.vallin.lv\/product\/fuse-holder-with-protective-sleeve\/"},"modified":"2026-03-12T14:17:22","modified_gmt":"2026-03-12T12:17:22","slug":"fuse-holder-with-protective-sleeve","status":"publish","type":"product","link":"https:\/\/shop.vallin.lv\/lt\/produktas\/fuse-holder-with-protective-sleeve\/","title":{"rendered":"Saugikli\u0173 laikiklis su apsaugine rankove"},"content":{"rendered":"<p>A professional fuse holder for BM-type fuse links, equipped with a protective sleeve that ensures maximum safety and comfort when working under voltage up to 1 kV. Manufactured by Jean M\u00fcller GmbH, the holder is designed for DP-type fuse links and features a convenient locking button to secure the fuse.<\/p>\n<p>Duomen\u0173 lapas:<br \/>\n<a href=\"https:\/\/hubix.pl\/en\/search\/fuse-holder-with-protective-sleeve.html\" target=\"_blank\" rel=\"noopener\">Per\u017ei\u016br\u0117ti<\/a><\/p>","protected":false},"excerpt":{"rendered":"<p>A professional fuse holder for BM-type fuse links, equipped with a protective sleeve that ensures maximum safety and comfort when<\/p>","protected":false},"featured_media":41208,"template":"","meta":[],"product_brand":[],"product_cat":[862],"product_tag":[],"class_list":{"0":"post-41208","1":"product","2":"type-product","3":"status-publish","4":"has-post-thumbnail","6":"product_cat-for-work-up-to-1kv","8":"first","9":"outofstock","10":"taxable","11":"shipping-taxable","12":"purchasable","13":"product-type-simple"},"_links":{"self":[{"href":"https:\/\/shop.vallin.lv\/lt\/wp-json\/wp\/v2\/product\/41208","targetHints":{"allow":["GET"]}}],"collection":[{"href":"https:\/\/shop.vallin.lv\/lt\/wp-json\/wp\/v2\/product"}],"about":[{"href":"https:\/\/shop.vallin.lv\/lt\/wp-json\/wp\/v2\/types\/product"}],"version-history":[{"count":1,"href":"https:\/\/shop.vallin.lv\/lt\/wp-json\/wp\/v2\/product\/41208\/revisions"}],"predecessor-version":[{"id":41944,"href":"https:\/\/shop.vallin.lv\/lt\/wp-json\/wp\/v2\/product\/41208\/revisions\/41944"}],"wp:featuredmedia":[{"embeddable":true,"href":"https:\/\/shop.vallin.lv\/lt\/wp-json\/wp\/v2\/product\/41208"}],"wp:attachment":[{"href":"https:\/\/shop.vallin.lv\/lt\/wp-json\/wp\/v2\/media?parent=41208"}],"wp:term":[{"taxonomy":"product_brand","embeddable":true,"href":"https:\/\/shop.vallin.lv\/lt\/wp-json\/wp\/v2\/product_brand?post=41208"},{"taxonomy":"product_cat","embeddable":true,"href":"https:\/\/shop.vallin.lv\/lt\/wp-json\/wp\/v2\/product_cat?post=41208"},{"taxonomy":"product_tag","embeddable":true,"href":"https:\/\/shop.vallin.lv\/lt\/wp-json\/wp\/v2\/product_tag?post=41208"}],"curies":[{"name":"wp","href":"https:\/\/api.w.org\/{rel}","templated":true}]}}