{"id":41207,"date":"2025-12-12T13:41:51","date_gmt":"2025-12-12T11:41:51","guid":{"rendered":"https:\/\/shop.vallin.lv\/product\/insulated-hand-press-for-crimping-cable-terminals\/"},"modified":"2026-03-12T14:16:33","modified_gmt":"2026-03-12T12:16:33","slug":"insulated-hand-press-for-crimping-cable-terminals","status":"publish","type":"product","link":"https:\/\/shop.vallin.lv\/lt\/produktas\/insulated-hand-press-for-crimping-cable-terminals\/","title":{"rendered":"Izoliuotieji rankiniai presai kabeli\u0173 gnybtams"},"content":{"rendered":"<p>Insulated PHIR press is designed for crimping terminals and cable connectors on aluminum and copper conductors of single and multi-wire wires and connecting wires in cable sockets, especially under voltage up to 1kV.<\/p>\n<p>Duomen\u0173 lapas:<br \/>\n<a href=\"https:\/\/hubix.pl\/en\/search\/insulated-hand-press-for-crimping-cable-terminals.html\" target=\"_blank\" rel=\"noopener\">Per\u017ei\u016br\u0117ti<\/a><\/p>","protected":false},"excerpt":{"rendered":"<p>Insulated PHIR press is designed for crimping terminals and cable connectors on aluminum and copper conductors of single and multi-wire<\/p>","protected":false},"featured_media":41207,"template":"","meta":[],"product_brand":[],"product_cat":[862],"product_tag":[],"class_list":{"0":"post-41207","1":"product","2":"type-product","3":"status-publish","4":"has-post-thumbnail","6":"product_cat-for-work-up-to-1kv","8":"first","9":"outofstock","10":"taxable","11":"shipping-taxable","12":"purchasable","13":"product-type-simple"},"_links":{"self":[{"href":"https:\/\/shop.vallin.lv\/lt\/wp-json\/wp\/v2\/product\/41207","targetHints":{"allow":["GET"]}}],"collection":[{"href":"https:\/\/shop.vallin.lv\/lt\/wp-json\/wp\/v2\/product"}],"about":[{"href":"https:\/\/shop.vallin.lv\/lt\/wp-json\/wp\/v2\/types\/product"}],"version-history":[{"count":1,"href":"https:\/\/shop.vallin.lv\/lt\/wp-json\/wp\/v2\/product\/41207\/revisions"}],"predecessor-version":[{"id":41943,"href":"https:\/\/shop.vallin.lv\/lt\/wp-json\/wp\/v2\/product\/41207\/revisions\/41943"}],"wp:featuredmedia":[{"embeddable":true,"href":"https:\/\/shop.vallin.lv\/lt\/wp-json\/wp\/v2\/product\/41207"}],"wp:attachment":[{"href":"https:\/\/shop.vallin.lv\/lt\/wp-json\/wp\/v2\/media?parent=41207"}],"wp:term":[{"taxonomy":"product_brand","embeddable":true,"href":"https:\/\/shop.vallin.lv\/lt\/wp-json\/wp\/v2\/product_brand?post=41207"},{"taxonomy":"product_cat","embeddable":true,"href":"https:\/\/shop.vallin.lv\/lt\/wp-json\/wp\/v2\/product_cat?post=41207"},{"taxonomy":"product_tag","embeddable":true,"href":"https:\/\/shop.vallin.lv\/lt\/wp-json\/wp\/v2\/product_tag?post=41207"}],"curies":[{"name":"wp","href":"https:\/\/api.w.org\/{rel}","templated":true}]}}