{"id":41194,"date":"2025-12-12T13:41:43","date_gmt":"2025-12-12T11:41:43","guid":{"rendered":"https:\/\/shop.vallin.lv\/product\/hybrid-open-ended-spanner-no-8-10\/"},"modified":"2026-03-12T14:17:51","modified_gmt":"2026-03-12T12:17:51","slug":"hybrid-open-ended-spanner-no-8-10","status":"publish","type":"product","link":"https:\/\/shop.vallin.lv\/lt\/produktas\/hybrid-open-ended-spanner-no-8-10\/","title":{"rendered":"Hibridinis atviras \u0161auk\u0161telis Nr. 8\/10"},"content":{"rendered":"<p>Wrenches are used for live work up to 1 000 V AC or 1 500 V DC on switchgear devices, cable lines and overhead lines. The wrench is designed for loosening and tightening screw connections.<\/p>\n<p>Duomen\u0173 lapas:<br \/>\n<a href=\"https:\/\/hubix.pl\/en\/search\/hybrid-open-ended-spanner-no-1719.html\" target=\"_blank\" rel=\"noopener\">Per\u017ei\u016br\u0117ti<\/a><\/p>","protected":false},"excerpt":{"rendered":"<p>Wrenches are used for live work up to 1 000 V AC or 1 500 V DC on switchgear devices,<\/p>","protected":false},"featured_media":41194,"template":"","meta":[],"product_brand":[],"product_cat":[862],"product_tag":[],"class_list":{"0":"post-41194","1":"product","2":"type-product","3":"status-publish","4":"has-post-thumbnail","6":"product_cat-for-work-up-to-1kv","8":"first","9":"outofstock","10":"taxable","11":"shipping-taxable","12":"purchasable","13":"product-type-simple"},"_links":{"self":[{"href":"https:\/\/shop.vallin.lv\/lt\/wp-json\/wp\/v2\/product\/41194","targetHints":{"allow":["GET"]}}],"collection":[{"href":"https:\/\/shop.vallin.lv\/lt\/wp-json\/wp\/v2\/product"}],"about":[{"href":"https:\/\/shop.vallin.lv\/lt\/wp-json\/wp\/v2\/types\/product"}],"version-history":[{"count":1,"href":"https:\/\/shop.vallin.lv\/lt\/wp-json\/wp\/v2\/product\/41194\/revisions"}],"predecessor-version":[{"id":41930,"href":"https:\/\/shop.vallin.lv\/lt\/wp-json\/wp\/v2\/product\/41194\/revisions\/41930"}],"wp:featuredmedia":[{"embeddable":true,"href":"https:\/\/shop.vallin.lv\/lt\/wp-json\/wp\/v2\/product\/41194"}],"wp:attachment":[{"href":"https:\/\/shop.vallin.lv\/lt\/wp-json\/wp\/v2\/media?parent=41194"}],"wp:term":[{"taxonomy":"product_brand","embeddable":true,"href":"https:\/\/shop.vallin.lv\/lt\/wp-json\/wp\/v2\/product_brand?post=41194"},{"taxonomy":"product_cat","embeddable":true,"href":"https:\/\/shop.vallin.lv\/lt\/wp-json\/wp\/v2\/product_cat?post=41194"},{"taxonomy":"product_tag","embeddable":true,"href":"https:\/\/shop.vallin.lv\/lt\/wp-json\/wp\/v2\/product_tag?post=41194"}],"curies":[{"name":"wp","href":"https:\/\/api.w.org\/{rel}","templated":true}]}}