{"id":41181,"date":"2025-12-12T13:41:37","date_gmt":"2025-12-12T11:41:37","guid":{"rendered":"https:\/\/shop.vallin.lv\/product\/hybrid-1-2-inch-socket-wrench-extension-bar-l-250-mm\/"},"modified":"2026-01-22T13:48:02","modified_gmt":"2026-01-22T11:48:02","slug":"hybrid-1-2-inch-socket-wrench-extension-bar-l-250-mm","status":"publish","type":"product","link":"https:\/\/shop.vallin.lv\/lt\/produktas\/hybrid-1-2-inch-socket-wrench-extension-bar-l-250-mm\/","title":{"rendered":"Hibridinis 1 \/ 2 coli\u0173 lizdo ver\u017eliarak\u010dio prailginimo strypas, L = 250 mm"},"content":{"rendered":"<p>The extension bar is used for live work up to 1000 V AC and 1500 V DC on switchgear connecting boxes, cable lines and overhead lines. Extension bar used to increase the distance between the sockets and the drive handles. Allows access to screws located deep inside the device. Works with sockets, allen sockets, drive bars as well as torque wrenches and other tools that have \u00bd\" square sockets and connectors.<\/p>\n<p>Duomen\u0173 lapas:<br \/>\n<a href=\"https:\/\/hubix.pl\/en\/search\/6506146d548c5a5893bb109a4ff1c089.html\" target=\"_blank\" rel=\"noopener\">Per\u017ei\u016br\u0117ti<\/a><\/p>","protected":false},"excerpt":{"rendered":"<p>The extension bar is used for live work up to 1000 V AC and 1500 V DC on switchgear connecting<\/p>","protected":false},"featured_media":0,"template":"","meta":[],"product_brand":[],"product_cat":[862],"product_tag":[],"class_list":{"0":"post-41181","1":"product","2":"type-product","3":"status-publish","5":"product_cat-for-work-up-to-1kv","7":"first","8":"outofstock","9":"taxable","10":"shipping-taxable","11":"purchasable","12":"product-type-simple"},"_links":{"self":[{"href":"https:\/\/shop.vallin.lv\/lt\/wp-json\/wp\/v2\/product\/41181","targetHints":{"allow":["GET"]}}],"collection":[{"href":"https:\/\/shop.vallin.lv\/lt\/wp-json\/wp\/v2\/product"}],"about":[{"href":"https:\/\/shop.vallin.lv\/lt\/wp-json\/wp\/v2\/types\/product"}],"version-history":[{"count":1,"href":"https:\/\/shop.vallin.lv\/lt\/wp-json\/wp\/v2\/product\/41181\/revisions"}],"predecessor-version":[{"id":41917,"href":"https:\/\/shop.vallin.lv\/lt\/wp-json\/wp\/v2\/product\/41181\/revisions\/41917"}],"wp:attachment":[{"href":"https:\/\/shop.vallin.lv\/lt\/wp-json\/wp\/v2\/media?parent=41181"}],"wp:term":[{"taxonomy":"product_brand","embeddable":true,"href":"https:\/\/shop.vallin.lv\/lt\/wp-json\/wp\/v2\/product_brand?post=41181"},{"taxonomy":"product_cat","embeddable":true,"href":"https:\/\/shop.vallin.lv\/lt\/wp-json\/wp\/v2\/product_cat?post=41181"},{"taxonomy":"product_tag","embeddable":true,"href":"https:\/\/shop.vallin.lv\/lt\/wp-json\/wp\/v2\/product_tag?post=41181"}],"curies":[{"name":"wp","href":"https:\/\/api.w.org\/{rel}","templated":true}]}}