{"id":41177,"date":"2025-12-12T13:41:35","date_gmt":"2025-12-12T11:41:35","guid":{"rendered":"https:\/\/shop.vallin.lv\/product\/hnil-hybrid-1-2-inch-allen-long-socket-no-8\/"},"modified":"2026-03-12T14:16:53","modified_gmt":"2026-03-12T12:16:53","slug":"hnil-hybrid-1-2-inch-allen-long-socket-no-8","status":"publish","type":"product","link":"https:\/\/shop.vallin.lv\/lt\/produktas\/hnil-hybrid-1-2-inch-allen-long-socket-no-8\/","title":{"rendered":"HNIL Hibridinis 1\/2 colio \"Allen\" ilgas lizdas Nr. 8"},"content":{"rendered":"<p>The sockets are used for live work up to 1 000 V AC and 1 500 V DC. The sockets are designed for loosening and tightening of hexagon socket head screws on switchgear connecting boxes and cable lines as well as for insulation-piercing terminals on overhead lines. Works with bar drives, torque wrench, ratchet drive and other tools that have \u00bd\" square connectors.<\/p>\n<p>Duomen\u0173 lapas:<br \/>\n<a href=\"https:\/\/hubix.pl\/en\/search\/hnil-hybrid-12-inch-allen-long-socket-no-8.html\" target=\"_blank\" rel=\"noopener\">Per\u017ei\u016br\u0117ti<\/a><\/p>","protected":false},"excerpt":{"rendered":"<p>The sockets are used for live work up to 1 000 V AC and 1 500 V DC. The sockets<\/p>","protected":false},"featured_media":41177,"template":"","meta":[],"product_brand":[],"product_cat":[862],"product_tag":[],"class_list":{"0":"post-41177","1":"product","2":"type-product","3":"status-publish","4":"has-post-thumbnail","6":"product_cat-for-work-up-to-1kv","8":"first","9":"outofstock","10":"taxable","11":"shipping-taxable","12":"purchasable","13":"product-type-simple"},"_links":{"self":[{"href":"https:\/\/shop.vallin.lv\/lt\/wp-json\/wp\/v2\/product\/41177","targetHints":{"allow":["GET"]}}],"collection":[{"href":"https:\/\/shop.vallin.lv\/lt\/wp-json\/wp\/v2\/product"}],"about":[{"href":"https:\/\/shop.vallin.lv\/lt\/wp-json\/wp\/v2\/types\/product"}],"version-history":[{"count":1,"href":"https:\/\/shop.vallin.lv\/lt\/wp-json\/wp\/v2\/product\/41177\/revisions"}],"predecessor-version":[{"id":41913,"href":"https:\/\/shop.vallin.lv\/lt\/wp-json\/wp\/v2\/product\/41177\/revisions\/41913"}],"wp:featuredmedia":[{"embeddable":true,"href":"https:\/\/shop.vallin.lv\/lt\/wp-json\/wp\/v2\/product\/41177"}],"wp:attachment":[{"href":"https:\/\/shop.vallin.lv\/lt\/wp-json\/wp\/v2\/media?parent=41177"}],"wp:term":[{"taxonomy":"product_brand","embeddable":true,"href":"https:\/\/shop.vallin.lv\/lt\/wp-json\/wp\/v2\/product_brand?post=41177"},{"taxonomy":"product_cat","embeddable":true,"href":"https:\/\/shop.vallin.lv\/lt\/wp-json\/wp\/v2\/product_cat?post=41177"},{"taxonomy":"product_tag","embeddable":true,"href":"https:\/\/shop.vallin.lv\/lt\/wp-json\/wp\/v2\/product_tag?post=41177"}],"curies":[{"name":"wp","href":"https:\/\/api.w.org\/{rel}","templated":true}]}}