{"id":41165,"date":"2025-12-12T13:41:29","date_gmt":"2025-12-12T11:41:29","guid":{"rendered":"https:\/\/shop.vallin.lv\/product\/hnl-hybrid-1-2-inch-long-socket-no-22\/"},"modified":"2026-03-12T14:17:04","modified_gmt":"2026-03-12T12:17:04","slug":"hnl-hybrid-1-2-inch-long-socket-no-22","status":"publish","type":"product","link":"https:\/\/shop.vallin.lv\/lt\/produktas\/hnl-hybrid-1-2-inch-long-socket-no-22\/","title":{"rendered":"HNL Hibridinis 1\/2 colio ilgas lizdas Nr. 22"},"content":{"rendered":"<p>The sockets are used for work with AC voltages up to 1,000 V or DC voltages up to 1,500 V. The long sockets are used for loosening and tightening bolted connections on switchgear connecting boxes, cable lines and overhead lines. Works with bar drives, torque wrench, ratchet wrench, extensions bars and other tools that have \u00bd\" square connectors.<\/p>\n<p>Duomen\u0173 lapas:<br \/>\n<a href=\"https:\/\/hubix.pl\/en\/search\/hnl-hybrid-12-inch-long-socket-no-22.html\" target=\"_blank\" rel=\"noopener\">Per\u017ei\u016br\u0117ti<\/a><\/p>","protected":false},"excerpt":{"rendered":"<p>The sockets are used for work with AC voltages up to 1,000 V or DC voltages up to 1,500 V.<\/p>","protected":false},"featured_media":41165,"template":"","meta":[],"product_brand":[],"product_cat":[862],"product_tag":[],"class_list":{"0":"post-41165","1":"product","2":"type-product","3":"status-publish","4":"has-post-thumbnail","6":"product_cat-for-work-up-to-1kv","8":"first","9":"outofstock","10":"taxable","11":"shipping-taxable","12":"purchasable","13":"product-type-simple"},"_links":{"self":[{"href":"https:\/\/shop.vallin.lv\/lt\/wp-json\/wp\/v2\/product\/41165","targetHints":{"allow":["GET"]}}],"collection":[{"href":"https:\/\/shop.vallin.lv\/lt\/wp-json\/wp\/v2\/product"}],"about":[{"href":"https:\/\/shop.vallin.lv\/lt\/wp-json\/wp\/v2\/types\/product"}],"version-history":[{"count":1,"href":"https:\/\/shop.vallin.lv\/lt\/wp-json\/wp\/v2\/product\/41165\/revisions"}],"predecessor-version":[{"id":41901,"href":"https:\/\/shop.vallin.lv\/lt\/wp-json\/wp\/v2\/product\/41165\/revisions\/41901"}],"wp:featuredmedia":[{"embeddable":true,"href":"https:\/\/shop.vallin.lv\/lt\/wp-json\/wp\/v2\/product\/41165"}],"wp:attachment":[{"href":"https:\/\/shop.vallin.lv\/lt\/wp-json\/wp\/v2\/media?parent=41165"}],"wp:term":[{"taxonomy":"product_brand","embeddable":true,"href":"https:\/\/shop.vallin.lv\/lt\/wp-json\/wp\/v2\/product_brand?post=41165"},{"taxonomy":"product_cat","embeddable":true,"href":"https:\/\/shop.vallin.lv\/lt\/wp-json\/wp\/v2\/product_cat?post=41165"},{"taxonomy":"product_tag","embeddable":true,"href":"https:\/\/shop.vallin.lv\/lt\/wp-json\/wp\/v2\/product_tag?post=41165"}],"curies":[{"name":"wp","href":"https:\/\/api.w.org\/{rel}","templated":true}]}}