{"id":41145,"date":"2025-12-12T13:41:19","date_gmt":"2025-12-12T11:41:19","guid":{"rendered":"https:\/\/shop.vallin.lv\/product\/hn-hybrid-1-2-inch-short-socket-no-11\/"},"modified":"2026-03-12T14:18:02","modified_gmt":"2026-03-12T12:18:02","slug":"hn-hybrid-1-2-inch-short-socket-no-11","status":"publish","type":"product","link":"https:\/\/shop.vallin.lv\/lt\/produktas\/hn-hybrid-1-2-inch-short-socket-no-11\/","title":{"rendered":"HN Hibridinis 1\/2 colio trumpas lizdas Nr. 11"},"content":{"rendered":"<p>Upgrade your toolkit with the power of precision and safety! The A113.1311 Hybrid Short Socket is designed for professionals working in power distribution and e-mobility applications. Perfect for tightening and loosening hex-head screws in switchgear systems, cable lines, and insulation-piercing connectors on overhead lines.<\/p>\n<p>Duomen\u0173 lapas:<br \/>\n<a href=\"https:\/\/hubix.pl\/en\/search\/hn-hybrid-12-inch-short-socket-no-11.html\" target=\"_blank\" rel=\"noopener\">Per\u017ei\u016br\u0117ti<\/a><\/p>","protected":false},"excerpt":{"rendered":"<p>Upgrade your toolkit with the power of precision and safety! The A113.1311 Hybrid Short Socket is designed for professionals working<\/p>","protected":false},"featured_media":41145,"template":"","meta":[],"product_brand":[],"product_cat":[862],"product_tag":[],"class_list":{"0":"post-41145","1":"product","2":"type-product","3":"status-publish","4":"has-post-thumbnail","6":"product_cat-for-work-up-to-1kv","8":"first","9":"outofstock","10":"taxable","11":"shipping-taxable","12":"purchasable","13":"product-type-simple"},"_links":{"self":[{"href":"https:\/\/shop.vallin.lv\/lt\/wp-json\/wp\/v2\/product\/41145","targetHints":{"allow":["GET"]}}],"collection":[{"href":"https:\/\/shop.vallin.lv\/lt\/wp-json\/wp\/v2\/product"}],"about":[{"href":"https:\/\/shop.vallin.lv\/lt\/wp-json\/wp\/v2\/types\/product"}],"version-history":[{"count":1,"href":"https:\/\/shop.vallin.lv\/lt\/wp-json\/wp\/v2\/product\/41145\/revisions"}],"predecessor-version":[{"id":41881,"href":"https:\/\/shop.vallin.lv\/lt\/wp-json\/wp\/v2\/product\/41145\/revisions\/41881"}],"wp:featuredmedia":[{"embeddable":true,"href":"https:\/\/shop.vallin.lv\/lt\/wp-json\/wp\/v2\/product\/41145"}],"wp:attachment":[{"href":"https:\/\/shop.vallin.lv\/lt\/wp-json\/wp\/v2\/media?parent=41145"}],"wp:term":[{"taxonomy":"product_brand","embeddable":true,"href":"https:\/\/shop.vallin.lv\/lt\/wp-json\/wp\/v2\/product_brand?post=41145"},{"taxonomy":"product_cat","embeddable":true,"href":"https:\/\/shop.vallin.lv\/lt\/wp-json\/wp\/v2\/product_cat?post=41145"},{"taxonomy":"product_tag","embeddable":true,"href":"https:\/\/shop.vallin.lv\/lt\/wp-json\/wp\/v2\/product_tag?post=41145"}],"curies":[{"name":"wp","href":"https:\/\/api.w.org\/{rel}","templated":true}]}}