{"id":41140,"date":"2025-12-12T13:41:16","date_gmt":"2025-12-12T11:41:16","guid":{"rendered":"https:\/\/shop.vallin.lv\/product\/hybrid-curved-blocking-ring-wrench-no-24\/"},"modified":"2026-03-12T14:18:01","modified_gmt":"2026-03-12T12:18:01","slug":"hybrid-curved-blocking-ring-wrench-no-24","status":"publish","type":"product","link":"https:\/\/shop.vallin.lv\/lt\/produktas\/hybrid-curved-blocking-ring-wrench-no-24\/","title":{"rendered":"Hibridinis lenktas blokavimo \u017eiedo raktas Nr. 24"},"content":{"rendered":"<p>Wrenches are used for live work up to 1 000 V AC or up to 1 500 V DC. The wrench is used to lock nuts and bolts when loosening and tightening bolted connections at distribution equipment, especially when replacing fuse bases.<\/p>\n<p>Duomen\u0173 lapas:<br \/>\n<a href=\"https:\/\/hubix.pl\/en\/search\/hybrid-curved-blocking-ring-wrench-no-24.html\" target=\"_blank\" rel=\"noopener\">Per\u017ei\u016br\u0117ti<\/a><\/p>","protected":false},"excerpt":{"rendered":"<p>Wrenches are used for live work up to 1 000 V AC or up to 1 500 V DC. The<\/p>","protected":false},"featured_media":41140,"template":"","meta":[],"product_brand":[],"product_cat":[862],"product_tag":[],"class_list":{"0":"post-41140","1":"product","2":"type-product","3":"status-publish","4":"has-post-thumbnail","6":"product_cat-for-work-up-to-1kv","8":"first","9":"outofstock","10":"taxable","11":"shipping-taxable","12":"purchasable","13":"product-type-simple"},"_links":{"self":[{"href":"https:\/\/shop.vallin.lv\/lt\/wp-json\/wp\/v2\/product\/41140","targetHints":{"allow":["GET"]}}],"collection":[{"href":"https:\/\/shop.vallin.lv\/lt\/wp-json\/wp\/v2\/product"}],"about":[{"href":"https:\/\/shop.vallin.lv\/lt\/wp-json\/wp\/v2\/types\/product"}],"version-history":[{"count":1,"href":"https:\/\/shop.vallin.lv\/lt\/wp-json\/wp\/v2\/product\/41140\/revisions"}],"predecessor-version":[{"id":41876,"href":"https:\/\/shop.vallin.lv\/lt\/wp-json\/wp\/v2\/product\/41140\/revisions\/41876"}],"wp:featuredmedia":[{"embeddable":true,"href":"https:\/\/shop.vallin.lv\/lt\/wp-json\/wp\/v2\/product\/41140"}],"wp:attachment":[{"href":"https:\/\/shop.vallin.lv\/lt\/wp-json\/wp\/v2\/media?parent=41140"}],"wp:term":[{"taxonomy":"product_brand","embeddable":true,"href":"https:\/\/shop.vallin.lv\/lt\/wp-json\/wp\/v2\/product_brand?post=41140"},{"taxonomy":"product_cat","embeddable":true,"href":"https:\/\/shop.vallin.lv\/lt\/wp-json\/wp\/v2\/product_cat?post=41140"},{"taxonomy":"product_tag","embeddable":true,"href":"https:\/\/shop.vallin.lv\/lt\/wp-json\/wp\/v2\/product_tag?post=41140"}],"curies":[{"name":"wp","href":"https:\/\/api.w.org\/{rel}","templated":true}]}}