{"id":41138,"date":"2025-12-12T13:41:15","date_gmt":"2025-12-12T11:41:15","guid":{"rendered":"https:\/\/shop.vallin.lv\/product\/hybrid-curved-blocking-ring-wrench-no-19-contoured\/"},"modified":"2026-01-22T13:47:52","modified_gmt":"2026-01-22T11:47:52","slug":"hybrid-curved-blocking-ring-wrench-no-19-contoured","status":"publish","type":"product","link":"https:\/\/shop.vallin.lv\/lt\/produktas\/hybrid-curved-blocking-ring-wrench-no-19-contoured\/","title":{"rendered":"Hibridinis lenktas blokavimo \u017eiedo raktas Nr. 19, kont\u016brinis"},"content":{"rendered":"<p>Wrenches are used for live work up to 1 000 V AC or up to 1 500 V DC. The wrench is used to lock nuts and bolts when loosening and tightening bolted connections at distribution equipment, especially when replacing fuse bases.<\/p>\n<p>NOTICE! The design of the BM fuse base makes it impossible to catch the head of the M10 and M12 bolts with the full cap of the wrench. To make this possible, a part of the socket has been ground off in the wrenches A113.1217 and A113.1219. This is not a damage to the insulation of the wrench but a special design that allows you to perform the previously described action.<\/p>\n<p>Duomen\u0173 lapas:<br \/>\n<a href=\"https:\/\/hubix.pl\/en\/search\/hybrid-curved-blocking-ring-wrench-no-19-contoured.html\" target=\"_blank\" rel=\"noopener\">Per\u017ei\u016br\u0117ti<\/a><\/p>","protected":false},"excerpt":{"rendered":"<p>Wrenches are used for live work up to 1 000 V AC or up to 1 500 V DC. The<\/p>","protected":false},"featured_media":0,"template":"","meta":[],"product_brand":[],"product_cat":[862],"product_tag":[],"class_list":{"0":"post-41138","1":"product","2":"type-product","3":"status-publish","5":"product_cat-for-work-up-to-1kv","7":"first","8":"outofstock","9":"taxable","10":"shipping-taxable","11":"purchasable","12":"product-type-simple"},"_links":{"self":[{"href":"https:\/\/shop.vallin.lv\/lt\/wp-json\/wp\/v2\/product\/41138","targetHints":{"allow":["GET"]}}],"collection":[{"href":"https:\/\/shop.vallin.lv\/lt\/wp-json\/wp\/v2\/product"}],"about":[{"href":"https:\/\/shop.vallin.lv\/lt\/wp-json\/wp\/v2\/types\/product"}],"version-history":[{"count":1,"href":"https:\/\/shop.vallin.lv\/lt\/wp-json\/wp\/v2\/product\/41138\/revisions"}],"predecessor-version":[{"id":41874,"href":"https:\/\/shop.vallin.lv\/lt\/wp-json\/wp\/v2\/product\/41138\/revisions\/41874"}],"wp:attachment":[{"href":"https:\/\/shop.vallin.lv\/lt\/wp-json\/wp\/v2\/media?parent=41138"}],"wp:term":[{"taxonomy":"product_brand","embeddable":true,"href":"https:\/\/shop.vallin.lv\/lt\/wp-json\/wp\/v2\/product_brand?post=41138"},{"taxonomy":"product_cat","embeddable":true,"href":"https:\/\/shop.vallin.lv\/lt\/wp-json\/wp\/v2\/product_cat?post=41138"},{"taxonomy":"product_tag","embeddable":true,"href":"https:\/\/shop.vallin.lv\/lt\/wp-json\/wp\/v2\/product_tag?post=41138"}],"curies":[{"name":"wp","href":"https:\/\/api.w.org\/{rel}","templated":true}]}}