{"id":41121,"date":"2025-12-12T13:41:05","date_gmt":"2025-12-12T11:41:05","guid":{"rendered":"https:\/\/shop.vallin.lv\/product\/hybrid-single-ended-ring-wrench-no-20\/"},"modified":"2026-03-12T14:16:14","modified_gmt":"2026-03-12T12:16:14","slug":"hybrid-single-ended-ring-wrench-no-20","status":"publish","type":"product","link":"https:\/\/shop.vallin.lv\/lt\/produktas\/hybrid-single-ended-ring-wrench-no-20\/","title":{"rendered":"Hibridinis viengubo galo \u017eiedo raktas Nr. 20"},"content":{"rendered":"<p>Ring spanners are used for live work up to 1 000 V AC or 1 500 V DC on switchgear devices, cable lines and overhead lines. The ring spanners are designed for loosening and tightening bolted connections.<\/p>\n<p>Duomen\u0173 lapas:<br \/>\n<a href=\"https:\/\/hubix.pl\/en\/search\/hybrid-single-ended-ring-wrench-no-20.html\" target=\"_blank\" rel=\"noopener\">Per\u017ei\u016br\u0117ti<\/a><\/p>","protected":false},"excerpt":{"rendered":"<p>Ring spanners are used for live work up to 1 000 V AC or 1 500 V DC on switchgear<\/p>","protected":false},"featured_media":41121,"template":"","meta":[],"product_brand":[],"product_cat":[862],"product_tag":[],"class_list":{"0":"post-41121","1":"product","2":"type-product","3":"status-publish","4":"has-post-thumbnail","6":"product_cat-for-work-up-to-1kv","8":"first","9":"outofstock","10":"taxable","11":"shipping-taxable","12":"purchasable","13":"product-type-simple"},"_links":{"self":[{"href":"https:\/\/shop.vallin.lv\/lt\/wp-json\/wp\/v2\/product\/41121","targetHints":{"allow":["GET"]}}],"collection":[{"href":"https:\/\/shop.vallin.lv\/lt\/wp-json\/wp\/v2\/product"}],"about":[{"href":"https:\/\/shop.vallin.lv\/lt\/wp-json\/wp\/v2\/types\/product"}],"version-history":[{"count":1,"href":"https:\/\/shop.vallin.lv\/lt\/wp-json\/wp\/v2\/product\/41121\/revisions"}],"predecessor-version":[{"id":41857,"href":"https:\/\/shop.vallin.lv\/lt\/wp-json\/wp\/v2\/product\/41121\/revisions\/41857"}],"wp:featuredmedia":[{"embeddable":true,"href":"https:\/\/shop.vallin.lv\/lt\/wp-json\/wp\/v2\/product\/41121"}],"wp:attachment":[{"href":"https:\/\/shop.vallin.lv\/lt\/wp-json\/wp\/v2\/media?parent=41121"}],"wp:term":[{"taxonomy":"product_brand","embeddable":true,"href":"https:\/\/shop.vallin.lv\/lt\/wp-json\/wp\/v2\/product_brand?post=41121"},{"taxonomy":"product_cat","embeddable":true,"href":"https:\/\/shop.vallin.lv\/lt\/wp-json\/wp\/v2\/product_cat?post=41121"},{"taxonomy":"product_tag","embeddable":true,"href":"https:\/\/shop.vallin.lv\/lt\/wp-json\/wp\/v2\/product_tag?post=41121"}],"curies":[{"name":"wp","href":"https:\/\/api.w.org\/{rel}","templated":true}]}}