{"id":41106,"date":"2025-12-12T13:40:55","date_gmt":"2025-12-12T11:40:55","guid":{"rendered":"https:\/\/shop.vallin.lv\/product\/hybrid-curved-blocking-socket-wrench-no-22\/"},"modified":"2026-03-12T14:17:54","modified_gmt":"2026-03-12T12:17:54","slug":"hybrid-curved-blocking-socket-wrench-no-22","status":"publish","type":"product","link":"https:\/\/shop.vallin.lv\/lt\/produktas\/hybrid-curved-blocking-socket-wrench-no-22\/","title":{"rendered":"Hibridinis lenktas blokavimo lizdo raktas Nr. 22"},"content":{"rendered":"<p>Wrenches are used for live work up to 1 000 V AC or up to 1 500 V DC. The wrench is used to lock nuts and bolts when loosening and tightening bolted connections at distribution equipment, especially when replacing fuse bases.<\/p>\n<p>Duomen\u0173 lapas:<br \/>\n<a href=\"https:\/\/hubix.pl\/en\/search\/hybrid-curved-blocking-socket-wrench-no-22.html\" target=\"_blank\" rel=\"noopener\">Per\u017ei\u016br\u0117ti<\/a><\/p>","protected":false},"excerpt":{"rendered":"<p>Wrenches are used for live work up to 1 000 V AC or up to 1 500 V DC. The<\/p>","protected":false},"featured_media":41106,"template":"","meta":[],"product_brand":[],"product_cat":[862],"product_tag":[],"class_list":{"0":"post-41106","1":"product","2":"type-product","3":"status-publish","4":"has-post-thumbnail","6":"product_cat-for-work-up-to-1kv","8":"first","9":"outofstock","10":"taxable","11":"shipping-taxable","12":"purchasable","13":"product-type-simple"},"_links":{"self":[{"href":"https:\/\/shop.vallin.lv\/lt\/wp-json\/wp\/v2\/product\/41106","targetHints":{"allow":["GET"]}}],"collection":[{"href":"https:\/\/shop.vallin.lv\/lt\/wp-json\/wp\/v2\/product"}],"about":[{"href":"https:\/\/shop.vallin.lv\/lt\/wp-json\/wp\/v2\/types\/product"}],"version-history":[{"count":1,"href":"https:\/\/shop.vallin.lv\/lt\/wp-json\/wp\/v2\/product\/41106\/revisions"}],"predecessor-version":[{"id":41842,"href":"https:\/\/shop.vallin.lv\/lt\/wp-json\/wp\/v2\/product\/41106\/revisions\/41842"}],"wp:featuredmedia":[{"embeddable":true,"href":"https:\/\/shop.vallin.lv\/lt\/wp-json\/wp\/v2\/product\/41106"}],"wp:attachment":[{"href":"https:\/\/shop.vallin.lv\/lt\/wp-json\/wp\/v2\/media?parent=41106"}],"wp:term":[{"taxonomy":"product_brand","embeddable":true,"href":"https:\/\/shop.vallin.lv\/lt\/wp-json\/wp\/v2\/product_brand?post=41106"},{"taxonomy":"product_cat","embeddable":true,"href":"https:\/\/shop.vallin.lv\/lt\/wp-json\/wp\/v2\/product_cat?post=41106"},{"taxonomy":"product_tag","embeddable":true,"href":"https:\/\/shop.vallin.lv\/lt\/wp-json\/wp\/v2\/product_tag?post=41106"}],"curies":[{"name":"wp","href":"https:\/\/api.w.org\/{rel}","templated":true}]}}