{"id":41086,"date":"2025-12-12T13:40:42","date_gmt":"2025-12-12T11:40:42","guid":{"rendered":"https:\/\/shop.vallin.lv\/product\/hybrid-cross-socket-wrench-10x13x14x17-2\/"},"modified":"2026-01-22T13:47:38","modified_gmt":"2026-01-22T11:47:38","slug":"hybrid-cross-socket-wrench-10x13x14x17-2","status":"publish","type":"product","link":"https:\/\/shop.vallin.lv\/lt\/produktas\/hybrid-cross-socket-wrench-10x13x14x17-2\/","title":{"rendered":"Hibridinis kry\u017eminis ver\u017eliaraktis 10x13x14x17"},"content":{"rendered":"<p>Hybrid cross socket wrenches are used for life work up to 1000 V AC or up to 1500 V DC at switchgear devices, cable lines and overhead lines. Cross socket wrenches are designed for unscrewing and tightening screw connections.<\/p>\n<p>Duomen\u0173 lapas:<br \/>\n<a href=\"https:\/\/hubix.pl\/en\/search\/6204-hybrid-cross-socket-wrench-10x13x14x17.html\" target=\"_blank\" rel=\"noopener\">Per\u017ei\u016br\u0117ti<\/a><\/p>","protected":false},"excerpt":{"rendered":"<p>Hybrid cross socket wrenches are used for life work up to 1000 V AC or up to 1500 V DC<\/p>","protected":false},"featured_media":0,"template":"","meta":[],"product_brand":[],"product_cat":[862],"product_tag":[],"class_list":{"0":"post-41086","1":"product","2":"type-product","3":"status-publish","5":"product_cat-for-work-up-to-1kv","7":"first","8":"outofstock","9":"taxable","10":"shipping-taxable","11":"purchasable","12":"product-type-simple"},"_links":{"self":[{"href":"https:\/\/shop.vallin.lv\/lt\/wp-json\/wp\/v2\/product\/41086","targetHints":{"allow":["GET"]}}],"collection":[{"href":"https:\/\/shop.vallin.lv\/lt\/wp-json\/wp\/v2\/product"}],"about":[{"href":"https:\/\/shop.vallin.lv\/lt\/wp-json\/wp\/v2\/types\/product"}],"version-history":[{"count":1,"href":"https:\/\/shop.vallin.lv\/lt\/wp-json\/wp\/v2\/product\/41086\/revisions"}],"predecessor-version":[{"id":41822,"href":"https:\/\/shop.vallin.lv\/lt\/wp-json\/wp\/v2\/product\/41086\/revisions\/41822"}],"wp:attachment":[{"href":"https:\/\/shop.vallin.lv\/lt\/wp-json\/wp\/v2\/media?parent=41086"}],"wp:term":[{"taxonomy":"product_brand","embeddable":true,"href":"https:\/\/shop.vallin.lv\/lt\/wp-json\/wp\/v2\/product_brand?post=41086"},{"taxonomy":"product_cat","embeddable":true,"href":"https:\/\/shop.vallin.lv\/lt\/wp-json\/wp\/v2\/product_cat?post=41086"},{"taxonomy":"product_tag","embeddable":true,"href":"https:\/\/shop.vallin.lv\/lt\/wp-json\/wp\/v2\/product_tag?post=41086"}],"curies":[{"name":"wp","href":"https:\/\/api.w.org\/{rel}","templated":true}]}}