{"id":41080,"date":"2025-12-12T13:40:38","date_gmt":"2025-12-12T11:40:38","guid":{"rendered":"https:\/\/shop.vallin.lv\/product\/hybrid-square-drive-t-bar-1-2-inch\/"},"modified":"2026-03-12T14:17:14","modified_gmt":"2026-03-12T12:17:14","slug":"hybrid-square-drive-t-bar-1-2-inch","status":"publish","type":"product","link":"https:\/\/shop.vallin.lv\/lt\/produktas\/hybrid-square-drive-t-bar-1-2-inch\/","title":{"rendered":"Hibridinis kvadratinisDrive T\u201c baras, 1\/2 colio"},"content":{"rendered":"<p>Drives are used for live work up to 1 000 V AC and 1 500 V DC on overhead lines and on cable lines and switchgear connecting boxes. The drive works with sockets, allen sockets, extension bars and other tools that have \u00bd\" square sockets. Designed to increase torque when loosening and tightening bolted connections.<\/p>\n<p>Duomen\u0173 lapas:<br \/>\n<a href=\"https:\/\/hubix.pl\/en\/search\/hybrid-square-drive-t-bar-12-inch.html\" target=\"_blank\" rel=\"noopener\">Per\u017ei\u016br\u0117ti<\/a><\/p>","protected":false},"excerpt":{"rendered":"<p>Drives are used for live work up to 1 000 V AC and 1 500 V DC on overhead lines<\/p>","protected":false},"featured_media":41080,"template":"","meta":[],"product_brand":[],"product_cat":[862],"product_tag":[],"class_list":{"0":"post-41080","1":"product","2":"type-product","3":"status-publish","4":"has-post-thumbnail","6":"product_cat-for-work-up-to-1kv","8":"first","9":"outofstock","10":"taxable","11":"shipping-taxable","12":"purchasable","13":"product-type-simple"},"_links":{"self":[{"href":"https:\/\/shop.vallin.lv\/lt\/wp-json\/wp\/v2\/product\/41080","targetHints":{"allow":["GET"]}}],"collection":[{"href":"https:\/\/shop.vallin.lv\/lt\/wp-json\/wp\/v2\/product"}],"about":[{"href":"https:\/\/shop.vallin.lv\/lt\/wp-json\/wp\/v2\/types\/product"}],"version-history":[{"count":1,"href":"https:\/\/shop.vallin.lv\/lt\/wp-json\/wp\/v2\/product\/41080\/revisions"}],"predecessor-version":[{"id":41816,"href":"https:\/\/shop.vallin.lv\/lt\/wp-json\/wp\/v2\/product\/41080\/revisions\/41816"}],"wp:featuredmedia":[{"embeddable":true,"href":"https:\/\/shop.vallin.lv\/lt\/wp-json\/wp\/v2\/product\/41080"}],"wp:attachment":[{"href":"https:\/\/shop.vallin.lv\/lt\/wp-json\/wp\/v2\/media?parent=41080"}],"wp:term":[{"taxonomy":"product_brand","embeddable":true,"href":"https:\/\/shop.vallin.lv\/lt\/wp-json\/wp\/v2\/product_brand?post=41080"},{"taxonomy":"product_cat","embeddable":true,"href":"https:\/\/shop.vallin.lv\/lt\/wp-json\/wp\/v2\/product_cat?post=41080"},{"taxonomy":"product_tag","embeddable":true,"href":"https:\/\/shop.vallin.lv\/lt\/wp-json\/wp\/v2\/product_tag?post=41080"}],"curies":[{"name":"wp","href":"https:\/\/api.w.org\/{rel}","templated":true}]}}