{"id":41075,"date":"2025-12-12T13:40:36","date_gmt":"2025-12-12T11:40:36","guid":{"rendered":"https:\/\/shop.vallin.lv\/product\/insulating-long-flat-nose-pliers\/"},"modified":"2026-03-12T14:17:13","modified_gmt":"2026-03-12T12:17:13","slug":"insulating-long-flat-nose-pliers","status":"publish","type":"product","link":"https:\/\/shop.vallin.lv\/lt\/produktas\/insulating-long-flat-nose-pliers\/","title":{"rendered":"Izoliacin\u0117s ilgos plok\u0161\u010dios nosies repl\u0117s"},"content":{"rendered":"<p>The pilers are used in live work up to 1000 V AC or up to 1500 V DC. The pliers are used for work in conditions of a short-circuit risk, due to the small distances between elements with different potentials. A universal assembly tool used for holding and shaping with low forces in live work on switchgear and cable lines.<\/p>\n<p>Duomen\u0173 lapas:<br \/>\n<a href=\"https:\/\/hubix.pl\/en\/search\/insulating-long-flat-nose-pliers.html\" target=\"_blank\" rel=\"noopener\">Per\u017ei\u016br\u0117ti<\/a><\/p>","protected":false},"excerpt":{"rendered":"<p>The pilers are used in live work up to 1000 V AC or up to 1500 V DC. The pliers<\/p>","protected":false},"featured_media":41075,"template":"","meta":[],"product_brand":[],"product_cat":[862],"product_tag":[],"class_list":{"0":"post-41075","1":"product","2":"type-product","3":"status-publish","4":"has-post-thumbnail","6":"product_cat-for-work-up-to-1kv","8":"first","9":"outofstock","10":"taxable","11":"shipping-taxable","12":"purchasable","13":"product-type-simple"},"_links":{"self":[{"href":"https:\/\/shop.vallin.lv\/lt\/wp-json\/wp\/v2\/product\/41075","targetHints":{"allow":["GET"]}}],"collection":[{"href":"https:\/\/shop.vallin.lv\/lt\/wp-json\/wp\/v2\/product"}],"about":[{"href":"https:\/\/shop.vallin.lv\/lt\/wp-json\/wp\/v2\/types\/product"}],"version-history":[{"count":1,"href":"https:\/\/shop.vallin.lv\/lt\/wp-json\/wp\/v2\/product\/41075\/revisions"}],"predecessor-version":[{"id":41811,"href":"https:\/\/shop.vallin.lv\/lt\/wp-json\/wp\/v2\/product\/41075\/revisions\/41811"}],"wp:featuredmedia":[{"embeddable":true,"href":"https:\/\/shop.vallin.lv\/lt\/wp-json\/wp\/v2\/product\/41075"}],"wp:attachment":[{"href":"https:\/\/shop.vallin.lv\/lt\/wp-json\/wp\/v2\/media?parent=41075"}],"wp:term":[{"taxonomy":"product_brand","embeddable":true,"href":"https:\/\/shop.vallin.lv\/lt\/wp-json\/wp\/v2\/product_brand?post=41075"},{"taxonomy":"product_cat","embeddable":true,"href":"https:\/\/shop.vallin.lv\/lt\/wp-json\/wp\/v2\/product_cat?post=41075"},{"taxonomy":"product_tag","embeddable":true,"href":"https:\/\/shop.vallin.lv\/lt\/wp-json\/wp\/v2\/product_tag?post=41075"}],"curies":[{"name":"wp","href":"https:\/\/api.w.org\/{rel}","templated":true}]}}