{"id":41070,"date":"2025-12-12T13:40:33","date_gmt":"2025-12-12T11:40:33","guid":{"rendered":"https:\/\/shop.vallin.lv\/product\/insulated-torx-socket-70mm-size-30-2\/"},"modified":"2026-03-12T14:16:32","modified_gmt":"2026-03-12T12:16:32","slug":"insulated-torx-socket-70mm-size-30-2","status":"publish","type":"product","link":"https:\/\/shop.vallin.lv\/lt\/produktas\/insulated-torx-socket-70mm-size-30-2\/","title":{"rendered":"Izoliuotieji TORX lizdai 70mm dyd\u017eio 30"},"content":{"rendered":"<p>Insulated socket designed for use in electrical installations. Manufactured from high-quality chrome vanadium steel (CrV), offering excellent mechanical strength and wear resistance. The working head features a TORX profile, intended for tightening and loosening screws with a corresponding socket head.<\/p>\n<p>Duomen\u0173 lapas:<br \/>\n<a href=\"https:\/\/hubix.pl\/en\/search\/7094-insulated-torx-socket-70mm-size-30.html\" target=\"_blank\" rel=\"noopener\">Per\u017ei\u016br\u0117ti<\/a><\/p>","protected":false},"excerpt":{"rendered":"<p>Insulated socket designed for use in electrical installations. Manufactured from high-quality chrome vanadium steel (CrV), offering excellent mechanical strength and<\/p>","protected":false},"featured_media":41070,"template":"","meta":[],"product_brand":[],"product_cat":[862],"product_tag":[],"class_list":{"0":"post-41070","1":"product","2":"type-product","3":"status-publish","4":"has-post-thumbnail","6":"product_cat-for-work-up-to-1kv","8":"first","9":"outofstock","10":"taxable","11":"shipping-taxable","12":"purchasable","13":"product-type-simple"},"_links":{"self":[{"href":"https:\/\/shop.vallin.lv\/lt\/wp-json\/wp\/v2\/product\/41070","targetHints":{"allow":["GET"]}}],"collection":[{"href":"https:\/\/shop.vallin.lv\/lt\/wp-json\/wp\/v2\/product"}],"about":[{"href":"https:\/\/shop.vallin.lv\/lt\/wp-json\/wp\/v2\/types\/product"}],"version-history":[{"count":1,"href":"https:\/\/shop.vallin.lv\/lt\/wp-json\/wp\/v2\/product\/41070\/revisions"}],"predecessor-version":[{"id":41806,"href":"https:\/\/shop.vallin.lv\/lt\/wp-json\/wp\/v2\/product\/41070\/revisions\/41806"}],"wp:featuredmedia":[{"embeddable":true,"href":"https:\/\/shop.vallin.lv\/lt\/wp-json\/wp\/v2\/product\/41070"}],"wp:attachment":[{"href":"https:\/\/shop.vallin.lv\/lt\/wp-json\/wp\/v2\/media?parent=41070"}],"wp:term":[{"taxonomy":"product_brand","embeddable":true,"href":"https:\/\/shop.vallin.lv\/lt\/wp-json\/wp\/v2\/product_brand?post=41070"},{"taxonomy":"product_cat","embeddable":true,"href":"https:\/\/shop.vallin.lv\/lt\/wp-json\/wp\/v2\/product_cat?post=41070"},{"taxonomy":"product_tag","embeddable":true,"href":"https:\/\/shop.vallin.lv\/lt\/wp-json\/wp\/v2\/product_tag?post=41070"}],"curies":[{"name":"wp","href":"https:\/\/api.w.org\/{rel}","templated":true}]}}