{"id":41063,"date":"2025-12-12T13:40:30","date_gmt":"2025-12-12T11:40:30","guid":{"rendered":"https:\/\/shop.vallin.lv\/product\/insulated-curved-screwdriver\/"},"modified":"2026-03-12T14:17:24","modified_gmt":"2026-03-12T12:17:24","slug":"insulated-curved-screwdriver","status":"publish","type":"product","link":"https:\/\/shop.vallin.lv\/lt\/produktas\/insulated-curved-screwdriver\/","title":{"rendered":"Izoliacija Lenktas atsuktuvas"},"content":{"rendered":"<p>The screwdriver is used live work up to 1 000 V AC or up to 1 500 V DC. The screwdriver is designed for locking screws with a flat-blade screwdriver socket, when unscrewing parts in switchgear devices. Used in hard-to-reach places where traditional screwdriver cannot be used.<\/p>\n<p>Duomen\u0173 lapas:<br \/>\n<a href=\"https:\/\/hubix.pl\/en\/search\/insulated-curved-screwdriver.html\" target=\"_blank\" rel=\"noopener\">Per\u017ei\u016br\u0117ti<\/a><\/p>","protected":false},"excerpt":{"rendered":"<p>The screwdriver is used live work up to 1 000 V AC or up to 1 500 V DC. The<\/p>","protected":false},"featured_media":41063,"template":"","meta":[],"product_brand":[],"product_cat":[862],"product_tag":[],"class_list":{"0":"post-41063","1":"product","2":"type-product","3":"status-publish","4":"has-post-thumbnail","6":"product_cat-for-work-up-to-1kv","8":"first","9":"outofstock","10":"taxable","11":"shipping-taxable","12":"purchasable","13":"product-type-simple"},"_links":{"self":[{"href":"https:\/\/shop.vallin.lv\/lt\/wp-json\/wp\/v2\/product\/41063","targetHints":{"allow":["GET"]}}],"collection":[{"href":"https:\/\/shop.vallin.lv\/lt\/wp-json\/wp\/v2\/product"}],"about":[{"href":"https:\/\/shop.vallin.lv\/lt\/wp-json\/wp\/v2\/types\/product"}],"version-history":[{"count":1,"href":"https:\/\/shop.vallin.lv\/lt\/wp-json\/wp\/v2\/product\/41063\/revisions"}],"predecessor-version":[{"id":41799,"href":"https:\/\/shop.vallin.lv\/lt\/wp-json\/wp\/v2\/product\/41063\/revisions\/41799"}],"wp:featuredmedia":[{"embeddable":true,"href":"https:\/\/shop.vallin.lv\/lt\/wp-json\/wp\/v2\/product\/41063"}],"wp:attachment":[{"href":"https:\/\/shop.vallin.lv\/lt\/wp-json\/wp\/v2\/media?parent=41063"}],"wp:term":[{"taxonomy":"product_brand","embeddable":true,"href":"https:\/\/shop.vallin.lv\/lt\/wp-json\/wp\/v2\/product_brand?post=41063"},{"taxonomy":"product_cat","embeddable":true,"href":"https:\/\/shop.vallin.lv\/lt\/wp-json\/wp\/v2\/product_cat?post=41063"},{"taxonomy":"product_tag","embeddable":true,"href":"https:\/\/shop.vallin.lv\/lt\/wp-json\/wp\/v2\/product_tag?post=41063"}],"curies":[{"name":"wp","href":"https:\/\/api.w.org\/{rel}","templated":true}]}}