{"id":41061,"date":"2025-12-12T13:40:29","date_gmt":"2025-12-12T11:40:29","guid":{"rendered":"https:\/\/shop.vallin.lv\/product\/insulated-screwdriver-pz-2x100\/"},"modified":"2026-03-12T14:17:25","modified_gmt":"2026-03-12T12:17:25","slug":"insulated-screwdriver-pz-2x100","status":"publish","type":"product","link":"https:\/\/shop.vallin.lv\/lt\/produktas\/insulated-screwdriver-pz-2x100\/","title":{"rendered":"Izoliuotas atsuktuvas PZ 2x100"},"content":{"rendered":"<p>The screwdrivers are used in live work up to 1000 V AC or up to 1500 V DC. The tools are used for unscrewing and screwing the screw connections on overhead lines and connecting boxes.<\/p>\n<p>Duomen\u0173 lapas:<br \/>\n<a href=\"https:\/\/hubix.pl\/en\/search\/insulated-screwdriver-pz-2x100.html\" target=\"_blank\" rel=\"noopener\">Per\u017ei\u016br\u0117ti<\/a><\/p>","protected":false},"excerpt":{"rendered":"<p>The screwdrivers are used in live work up to 1000 V AC or up to 1500 V DC. The tools<\/p>","protected":false},"featured_media":41061,"template":"","meta":[],"product_brand":[],"product_cat":[862],"product_tag":[],"class_list":{"0":"post-41061","1":"product","2":"type-product","3":"status-publish","4":"has-post-thumbnail","6":"product_cat-for-work-up-to-1kv","8":"first","9":"outofstock","10":"taxable","11":"shipping-taxable","12":"purchasable","13":"product-type-simple"},"_links":{"self":[{"href":"https:\/\/shop.vallin.lv\/lt\/wp-json\/wp\/v2\/product\/41061","targetHints":{"allow":["GET"]}}],"collection":[{"href":"https:\/\/shop.vallin.lv\/lt\/wp-json\/wp\/v2\/product"}],"about":[{"href":"https:\/\/shop.vallin.lv\/lt\/wp-json\/wp\/v2\/types\/product"}],"version-history":[{"count":1,"href":"https:\/\/shop.vallin.lv\/lt\/wp-json\/wp\/v2\/product\/41061\/revisions"}],"predecessor-version":[{"id":41797,"href":"https:\/\/shop.vallin.lv\/lt\/wp-json\/wp\/v2\/product\/41061\/revisions\/41797"}],"wp:featuredmedia":[{"embeddable":true,"href":"https:\/\/shop.vallin.lv\/lt\/wp-json\/wp\/v2\/product\/41061"}],"wp:attachment":[{"href":"https:\/\/shop.vallin.lv\/lt\/wp-json\/wp\/v2\/media?parent=41061"}],"wp:term":[{"taxonomy":"product_brand","embeddable":true,"href":"https:\/\/shop.vallin.lv\/lt\/wp-json\/wp\/v2\/product_brand?post=41061"},{"taxonomy":"product_cat","embeddable":true,"href":"https:\/\/shop.vallin.lv\/lt\/wp-json\/wp\/v2\/product_cat?post=41061"},{"taxonomy":"product_tag","embeddable":true,"href":"https:\/\/shop.vallin.lv\/lt\/wp-json\/wp\/v2\/product_tag?post=41061"}],"curies":[{"name":"wp","href":"https:\/\/api.w.org\/{rel}","templated":true}]}}