{"id":41051,"date":"2025-12-12T13:40:23","date_gmt":"2025-12-12T11:40:23","guid":{"rendered":"https:\/\/shop.vallin.lv\/product\/insulated-flat-nose-pliers-2\/"},"modified":"2026-03-12T14:16:33","modified_gmt":"2026-03-12T12:16:33","slug":"insulated-flat-nose-pliers-2","status":"publish","type":"product","link":"https:\/\/shop.vallin.lv\/lt\/produktas\/insulated-flat-nose-pliers-2\/","title":{"rendered":"Izoliuotieji Plok\u0161tieji Nosies Repl\u0117s"},"content":{"rendered":"<p>Insulated rectangular pliers for work with alternating current up to 1000 V or direct current up to 1500 V on overhead lines. The pliers are designed for holding, squeezing, and shaping various types of elements.<\/p>\n<p>Duomen\u0173 lapas:<br \/>\n<a href=\"https:\/\/hubix.pl\/en\/search\/insulated-flat-nose-pliers-1kv.html\" target=\"_blank\" rel=\"noopener\">Per\u017ei\u016br\u0117ti<\/a><\/p>","protected":false},"excerpt":{"rendered":"<p>Insulated rectangular pliers for work with alternating current up to 1000 V or direct current up to 1500 V on<\/p>","protected":false},"featured_media":41051,"template":"","meta":[],"product_brand":[],"product_cat":[862],"product_tag":[],"class_list":{"0":"post-41051","1":"product","2":"type-product","3":"status-publish","4":"has-post-thumbnail","6":"product_cat-for-work-up-to-1kv","8":"first","9":"outofstock","10":"taxable","11":"shipping-taxable","12":"purchasable","13":"product-type-simple"},"_links":{"self":[{"href":"https:\/\/shop.vallin.lv\/lt\/wp-json\/wp\/v2\/product\/41051","targetHints":{"allow":["GET"]}}],"collection":[{"href":"https:\/\/shop.vallin.lv\/lt\/wp-json\/wp\/v2\/product"}],"about":[{"href":"https:\/\/shop.vallin.lv\/lt\/wp-json\/wp\/v2\/types\/product"}],"version-history":[{"count":1,"href":"https:\/\/shop.vallin.lv\/lt\/wp-json\/wp\/v2\/product\/41051\/revisions"}],"predecessor-version":[{"id":41787,"href":"https:\/\/shop.vallin.lv\/lt\/wp-json\/wp\/v2\/product\/41051\/revisions\/41787"}],"wp:featuredmedia":[{"embeddable":true,"href":"https:\/\/shop.vallin.lv\/lt\/wp-json\/wp\/v2\/product\/41051"}],"wp:attachment":[{"href":"https:\/\/shop.vallin.lv\/lt\/wp-json\/wp\/v2\/media?parent=41051"}],"wp:term":[{"taxonomy":"product_brand","embeddable":true,"href":"https:\/\/shop.vallin.lv\/lt\/wp-json\/wp\/v2\/product_brand?post=41051"},{"taxonomy":"product_cat","embeddable":true,"href":"https:\/\/shop.vallin.lv\/lt\/wp-json\/wp\/v2\/product_cat?post=41051"},{"taxonomy":"product_tag","embeddable":true,"href":"https:\/\/shop.vallin.lv\/lt\/wp-json\/wp\/v2\/product_tag?post=41051"}],"curies":[{"name":"wp","href":"https:\/\/api.w.org\/{rel}","templated":true}]}}