{"id":41037,"date":"2025-12-12T13:40:16","date_gmt":"2025-12-12T11:40:16","guid":{"rendered":"https:\/\/shop.vallin.lv\/product\/insulated-round-nose-pliers-2\/"},"modified":"2026-03-12T14:16:33","modified_gmt":"2026-03-12T12:16:33","slug":"insulated-round-nose-pliers-2","status":"publish","type":"product","link":"https:\/\/shop.vallin.lv\/lt\/produktas\/insulated-round-nose-pliers-2\/","title":{"rendered":"Izoliuotieji apval\u016bs nosies repl\u0117s"},"content":{"rendered":"<p>Insulated half-round pliers are used in work with alternating current up to 1000 V or direct current up to 1500 V, with distribution devices, cable lines, and overhead lines. The pliers are designed for shaping wires and cables (Al, Cu, steel).<\/p>\n<p>Duomen\u0173 lapas:<br \/>\n<a href=\"https:\/\/hubix.pl\/en\/search\/insulated-round-nose-pliers-1-kv.html\" target=\"_blank\" rel=\"noopener\">Per\u017ei\u016br\u0117ti<\/a><\/p>","protected":false},"excerpt":{"rendered":"<p>Insulated half-round pliers are used in work with alternating current up to 1000 V or direct current up to 1500<\/p>","protected":false},"featured_media":41037,"template":"","meta":[],"product_brand":[],"product_cat":[862],"product_tag":[],"class_list":{"0":"post-41037","1":"product","2":"type-product","3":"status-publish","4":"has-post-thumbnail","6":"product_cat-for-work-up-to-1kv","8":"first","9":"outofstock","10":"taxable","11":"shipping-taxable","12":"purchasable","13":"product-type-simple"},"_links":{"self":[{"href":"https:\/\/shop.vallin.lv\/lt\/wp-json\/wp\/v2\/product\/41037","targetHints":{"allow":["GET"]}}],"collection":[{"href":"https:\/\/shop.vallin.lv\/lt\/wp-json\/wp\/v2\/product"}],"about":[{"href":"https:\/\/shop.vallin.lv\/lt\/wp-json\/wp\/v2\/types\/product"}],"version-history":[{"count":1,"href":"https:\/\/shop.vallin.lv\/lt\/wp-json\/wp\/v2\/product\/41037\/revisions"}],"predecessor-version":[{"id":41773,"href":"https:\/\/shop.vallin.lv\/lt\/wp-json\/wp\/v2\/product\/41037\/revisions\/41773"}],"wp:featuredmedia":[{"embeddable":true,"href":"https:\/\/shop.vallin.lv\/lt\/wp-json\/wp\/v2\/product\/41037"}],"wp:attachment":[{"href":"https:\/\/shop.vallin.lv\/lt\/wp-json\/wp\/v2\/media?parent=41037"}],"wp:term":[{"taxonomy":"product_brand","embeddable":true,"href":"https:\/\/shop.vallin.lv\/lt\/wp-json\/wp\/v2\/product_brand?post=41037"},{"taxonomy":"product_cat","embeddable":true,"href":"https:\/\/shop.vallin.lv\/lt\/wp-json\/wp\/v2\/product_cat?post=41037"},{"taxonomy":"product_tag","embeddable":true,"href":"https:\/\/shop.vallin.lv\/lt\/wp-json\/wp\/v2\/product_tag?post=41037"}],"curies":[{"name":"wp","href":"https:\/\/api.w.org\/{rel}","templated":true}]}}