{"id":41035,"date":"2025-12-12T13:40:15","date_gmt":"2025-12-12T11:40:15","guid":{"rendered":"https:\/\/shop.vallin.lv\/product\/insulated-wire-stripping-pliers\/"},"modified":"2026-03-12T14:16:33","modified_gmt":"2026-03-12T12:16:33","slug":"insulated-wire-stripping-pliers","status":"publish","type":"product","link":"https:\/\/shop.vallin.lv\/lt\/produktas\/insulated-wire-stripping-pliers\/","title":{"rendered":"Izoliuotieji Viela Striptizas repl\u0117s"},"content":{"rendered":"<p>Insulated wire stripping pliers are used for work with alternating currents up to 1000 V or direct currents up to 1500 V on distribution equipment. The pliers are designed for stripping insulation from wires and cable cores (Al, Cu) with cross-sections from 0.5 mm\u00b2 to 10 mm\u00b2.<\/p>\n<p>Duomen\u0173 lapas:<br \/>\n<a href=\"https:\/\/hubix.pl\/en\/search\/insulated-wire-stripping-pliers.html\" target=\"_blank\" rel=\"noopener\">Per\u017ei\u016br\u0117ti<\/a><\/p>","protected":false},"excerpt":{"rendered":"<p>Insulated wire stripping pliers are used for work with alternating currents up to 1000 V or direct currents up to<\/p>","protected":false},"featured_media":41035,"template":"","meta":[],"product_brand":[],"product_cat":[862],"product_tag":[],"class_list":{"0":"post-41035","1":"product","2":"type-product","3":"status-publish","4":"has-post-thumbnail","6":"product_cat-for-work-up-to-1kv","8":"first","9":"outofstock","10":"taxable","11":"shipping-taxable","12":"purchasable","13":"product-type-simple"},"_links":{"self":[{"href":"https:\/\/shop.vallin.lv\/lt\/wp-json\/wp\/v2\/product\/41035","targetHints":{"allow":["GET"]}}],"collection":[{"href":"https:\/\/shop.vallin.lv\/lt\/wp-json\/wp\/v2\/product"}],"about":[{"href":"https:\/\/shop.vallin.lv\/lt\/wp-json\/wp\/v2\/types\/product"}],"version-history":[{"count":1,"href":"https:\/\/shop.vallin.lv\/lt\/wp-json\/wp\/v2\/product\/41035\/revisions"}],"predecessor-version":[{"id":41771,"href":"https:\/\/shop.vallin.lv\/lt\/wp-json\/wp\/v2\/product\/41035\/revisions\/41771"}],"wp:featuredmedia":[{"embeddable":true,"href":"https:\/\/shop.vallin.lv\/lt\/wp-json\/wp\/v2\/product\/41035"}],"wp:attachment":[{"href":"https:\/\/shop.vallin.lv\/lt\/wp-json\/wp\/v2\/media?parent=41035"}],"wp:term":[{"taxonomy":"product_brand","embeddable":true,"href":"https:\/\/shop.vallin.lv\/lt\/wp-json\/wp\/v2\/product_brand?post=41035"},{"taxonomy":"product_cat","embeddable":true,"href":"https:\/\/shop.vallin.lv\/lt\/wp-json\/wp\/v2\/product_cat?post=41035"},{"taxonomy":"product_tag","embeddable":true,"href":"https:\/\/shop.vallin.lv\/lt\/wp-json\/wp\/v2\/product_tag?post=41035"}],"curies":[{"name":"wp","href":"https:\/\/api.w.org\/{rel}","templated":true}]}}