{"id":41028,"date":"2025-12-12T13:40:12","date_gmt":"2025-12-12T11:40:12","guid":{"rendered":"https:\/\/shop.vallin.lv\/product\/insulated-rod-cutters-diameter-up-to-12-mm\/"},"modified":"2026-01-22T13:47:25","modified_gmt":"2026-01-22T11:47:25","slug":"insulated-rod-cutters-diameter-up-to-12-mm","status":"publish","type":"product","link":"https:\/\/shop.vallin.lv\/lt\/produktas\/insulated-rod-cutters-diameter-up-to-12-mm\/","title":{"rendered":"Izoliuotieji stryp\u0173 karpymo \u012frenginiai, kuri\u0173 skersmuo iki 12 mm"},"content":{"rendered":"<p>Insulated cutters are designed for cutting steel rods, wires, screws, and rivets with a diameter of up to 12 mm, which are structural elements of switchgear, cable lines, and overhead lines. A key feature is the insulation that covers the handles, providing protection against electric shock in the event of live components during live working. This insulation meets the requirements of IEC 60900 for, among other things, rated voltages such as 1000 VAC and 1500 VDC, ensuring safety during electrical tasks.<\/p>\n<p>Duomen\u0173 lapas:<br \/>\n<a href=\"https:\/\/hubix.pl\/en\/search\/insulated-rod-cutters-diameter-up-to-12-mm.html\" target=\"_blank\" rel=\"noopener\">Per\u017ei\u016br\u0117ti<\/a><\/p>","protected":false},"excerpt":{"rendered":"<p>Insulated cutters are designed for cutting steel rods, wires, screws, and rivets with a diameter of up to 12 mm,<\/p>","protected":false},"featured_media":0,"template":"","meta":[],"product_brand":[],"product_cat":[862],"product_tag":[],"class_list":{"0":"post-41028","1":"product","2":"type-product","3":"status-publish","5":"product_cat-for-work-up-to-1kv","7":"first","8":"outofstock","9":"taxable","10":"shipping-taxable","11":"purchasable","12":"product-type-simple"},"_links":{"self":[{"href":"https:\/\/shop.vallin.lv\/lt\/wp-json\/wp\/v2\/product\/41028","targetHints":{"allow":["GET"]}}],"collection":[{"href":"https:\/\/shop.vallin.lv\/lt\/wp-json\/wp\/v2\/product"}],"about":[{"href":"https:\/\/shop.vallin.lv\/lt\/wp-json\/wp\/v2\/types\/product"}],"version-history":[{"count":1,"href":"https:\/\/shop.vallin.lv\/lt\/wp-json\/wp\/v2\/product\/41028\/revisions"}],"predecessor-version":[{"id":41764,"href":"https:\/\/shop.vallin.lv\/lt\/wp-json\/wp\/v2\/product\/41028\/revisions\/41764"}],"wp:attachment":[{"href":"https:\/\/shop.vallin.lv\/lt\/wp-json\/wp\/v2\/media?parent=41028"}],"wp:term":[{"taxonomy":"product_brand","embeddable":true,"href":"https:\/\/shop.vallin.lv\/lt\/wp-json\/wp\/v2\/product_brand?post=41028"},{"taxonomy":"product_cat","embeddable":true,"href":"https:\/\/shop.vallin.lv\/lt\/wp-json\/wp\/v2\/product_cat?post=41028"},{"taxonomy":"product_tag","embeddable":true,"href":"https:\/\/shop.vallin.lv\/lt\/wp-json\/wp\/v2\/product_tag?post=41028"}],"curies":[{"name":"wp","href":"https:\/\/api.w.org\/{rel}","templated":true}]}}