{"id":41027,"date":"2025-12-12T13:40:12","date_gmt":"2025-12-12T11:40:12","guid":{"rendered":"https:\/\/shop.vallin.lv\/product\/insulated-cutter-for-cable-and-wire-conductors-dia35-mm\/"},"modified":"2026-03-12T14:16:34","modified_gmt":"2026-03-12T12:16:34","slug":"insulated-cutter-for-cable-and-wire-conductors-dia35-mm","status":"publish","type":"product","link":"https:\/\/shop.vallin.lv\/lt\/produktas\/insulated-cutter-for-cable-and-wire-conductors-dia35-mm\/","title":{"rendered":"Izoliuotieji cutter kabeli\u0173 ir laid\u0173 laidininkai dia=35 mm"},"content":{"rendered":"<p>Insulated cutters are designed for cutting wires or cable cores (Al, Cu). The cutters are made of tool steel with hardened blades. A key feature is the insulation that covers the handles, providing protection against electric shock in the event of live components during live working. This insulation meets the requirements of IEC 60900 for, among other things, rated voltages such as 1000 VAC and 1500 VDC, ensuring safety during electrical tasks.<\/p>\n<p>Duomen\u0173 lapas:<br \/>\n<a href=\"https:\/\/hubix.pl\/en\/search\/insulated-cutter-for-cable-and-wire-conductors-dia35-mm.html\" target=\"_blank\" rel=\"noopener\">Per\u017ei\u016br\u0117ti<\/a><\/p>","protected":false},"excerpt":{"rendered":"<p>Insulated cutters are designed for cutting wires or cable cores (Al, Cu). The cutters are made of tool steel with<\/p>","protected":false},"featured_media":41027,"template":"","meta":[],"product_brand":[],"product_cat":[862],"product_tag":[],"class_list":{"0":"post-41027","1":"product","2":"type-product","3":"status-publish","4":"has-post-thumbnail","6":"product_cat-for-work-up-to-1kv","8":"first","9":"outofstock","10":"taxable","11":"shipping-taxable","12":"purchasable","13":"product-type-simple"},"_links":{"self":[{"href":"https:\/\/shop.vallin.lv\/lt\/wp-json\/wp\/v2\/product\/41027","targetHints":{"allow":["GET"]}}],"collection":[{"href":"https:\/\/shop.vallin.lv\/lt\/wp-json\/wp\/v2\/product"}],"about":[{"href":"https:\/\/shop.vallin.lv\/lt\/wp-json\/wp\/v2\/types\/product"}],"version-history":[{"count":1,"href":"https:\/\/shop.vallin.lv\/lt\/wp-json\/wp\/v2\/product\/41027\/revisions"}],"predecessor-version":[{"id":41763,"href":"https:\/\/shop.vallin.lv\/lt\/wp-json\/wp\/v2\/product\/41027\/revisions\/41763"}],"wp:featuredmedia":[{"embeddable":true,"href":"https:\/\/shop.vallin.lv\/lt\/wp-json\/wp\/v2\/product\/41027"}],"wp:attachment":[{"href":"https:\/\/shop.vallin.lv\/lt\/wp-json\/wp\/v2\/media?parent=41027"}],"wp:term":[{"taxonomy":"product_brand","embeddable":true,"href":"https:\/\/shop.vallin.lv\/lt\/wp-json\/wp\/v2\/product_brand?post=41027"},{"taxonomy":"product_cat","embeddable":true,"href":"https:\/\/shop.vallin.lv\/lt\/wp-json\/wp\/v2\/product_cat?post=41027"},{"taxonomy":"product_tag","embeddable":true,"href":"https:\/\/shop.vallin.lv\/lt\/wp-json\/wp\/v2\/product_tag?post=41027"}],"curies":[{"name":"wp","href":"https:\/\/api.w.org\/{rel}","templated":true}]}}