{"id":41020,"date":"2025-12-12T13:40:07","date_gmt":"2025-12-12T11:40:07","guid":{"rendered":"https:\/\/shop.vallin.lv\/product\/hkr-insulated-1-2-inch-tubular-socket-wrench-size-13-up-to-1kv-ac-15kv-dc\/"},"modified":"2026-03-12T14:16:34","modified_gmt":"2026-03-12T12:16:34","slug":"hkr-insulated-1-2-inch-tubular-socket-wrench-size-13-up-to-1kv-ac-15kv-dc","status":"publish","type":"product","link":"https:\/\/shop.vallin.lv\/lt\/produktas\/hkr-insulated-1-2-inch-tubular-socket-wrench-size-13-up-to-1kv-ac-15kv-dc\/","title":{"rendered":"HKR Izoliuotas 1\/2 colio vamzdinis lizdo raktas, dydis 13, iki 1kV AC \/ 1,5kV DC"},"content":{"rendered":"<p>Insulated tool, made of CrV stel with 12-point working head. 1\/2 inch square socket. Insulation made of plastisol (PVC), dipping technology. The tool's insulation is double-layered in contrasting colors, white and orange. In the upper part, on a section of about 15 mm, single layer insulation. Thickness of each layer at least 1 mm. It has an insert to prevent the nut from falling deeper.<\/p>\n<p>Possibility to produce sockets in other sizes.<\/p>\n<p>Duomen\u0173 lapas:<br \/>\n<a href=\"https:\/\/hubix.pl\/en\/search\/hkr-insulated-12-inch-tubular-socket-wrench-size-13-up-to-1kv-ac-15kv-dc.html\" target=\"_blank\" rel=\"noopener\">Per\u017ei\u016br\u0117ti<\/a><\/p>","protected":false},"excerpt":{"rendered":"<p>Insulated tool, made of CrV stel with 12-point working head. 1\/2 inch square socket. Insulation made of plastisol (PVC), dipping<\/p>","protected":false},"featured_media":41020,"template":"","meta":[],"product_brand":[],"product_cat":[862],"product_tag":[],"class_list":{"0":"post-41020","1":"product","2":"type-product","3":"status-publish","4":"has-post-thumbnail","6":"product_cat-for-work-up-to-1kv","8":"first","9":"outofstock","10":"taxable","11":"shipping-taxable","12":"purchasable","13":"product-type-simple"},"_links":{"self":[{"href":"https:\/\/shop.vallin.lv\/lt\/wp-json\/wp\/v2\/product\/41020","targetHints":{"allow":["GET"]}}],"collection":[{"href":"https:\/\/shop.vallin.lv\/lt\/wp-json\/wp\/v2\/product"}],"about":[{"href":"https:\/\/shop.vallin.lv\/lt\/wp-json\/wp\/v2\/types\/product"}],"version-history":[{"count":1,"href":"https:\/\/shop.vallin.lv\/lt\/wp-json\/wp\/v2\/product\/41020\/revisions"}],"predecessor-version":[{"id":41756,"href":"https:\/\/shop.vallin.lv\/lt\/wp-json\/wp\/v2\/product\/41020\/revisions\/41756"}],"wp:featuredmedia":[{"embeddable":true,"href":"https:\/\/shop.vallin.lv\/lt\/wp-json\/wp\/v2\/product\/41020"}],"wp:attachment":[{"href":"https:\/\/shop.vallin.lv\/lt\/wp-json\/wp\/v2\/media?parent=41020"}],"wp:term":[{"taxonomy":"product_brand","embeddable":true,"href":"https:\/\/shop.vallin.lv\/lt\/wp-json\/wp\/v2\/product_brand?post=41020"},{"taxonomy":"product_cat","embeddable":true,"href":"https:\/\/shop.vallin.lv\/lt\/wp-json\/wp\/v2\/product_cat?post=41020"},{"taxonomy":"product_tag","embeddable":true,"href":"https:\/\/shop.vallin.lv\/lt\/wp-json\/wp\/v2\/product_tag?post=41020"}],"curies":[{"name":"wp","href":"https:\/\/api.w.org\/{rel}","templated":true}]}}