{"id":41011,"date":"2025-12-12T13:40:02","date_gmt":"2025-12-12T11:40:02","guid":{"rendered":"https:\/\/shop.vallin.lv\/product\/hn-insulated-1-2-inch-short-socket-wrench-size-19\/"},"modified":"2026-03-12T14:16:42","modified_gmt":"2026-03-12T12:16:42","slug":"hn-insulated-1-2-inch-short-socket-wrench-size-19","status":"publish","type":"product","link":"https:\/\/shop.vallin.lv\/lt\/produktas\/hn-insulated-1-2-inch-short-socket-wrench-size-19\/","title":{"rendered":"HN izoliuotas 1\/2\" colio trumpas ki\u0161tukinis raktas, dydis 19"},"content":{"rendered":"<p>Insulated tool. Working head and socket made of CrV steel. Hexagonal working head. 1\/2 inch square socket. Insulation made of plastisol (PVC), dipping technology. The tool's insulation is double-layered, in contrasting colors, white and orange. The thickness of each layer is at least 1 mm.<\/p>\n<p>Duomen\u0173 lapas:<br \/>\n<a href=\"https:\/\/hubix.pl\/en\/search\/hn-insulated-12-inch-short-socket-wrench-size-19.html\" target=\"_blank\" rel=\"noopener\">Per\u017ei\u016br\u0117ti<\/a><\/p>","protected":false},"excerpt":{"rendered":"<p>Insulated tool. Working head and socket made of CrV steel. Hexagonal working head. 1\/2 inch square socket. Insulation made of<\/p>","protected":false},"featured_media":41011,"template":"","meta":[],"product_brand":[],"product_cat":[862],"product_tag":[],"class_list":{"0":"post-41011","1":"product","2":"type-product","3":"status-publish","4":"has-post-thumbnail","6":"product_cat-for-work-up-to-1kv","8":"first","9":"outofstock","10":"taxable","11":"shipping-taxable","12":"purchasable","13":"product-type-simple"},"_links":{"self":[{"href":"https:\/\/shop.vallin.lv\/lt\/wp-json\/wp\/v2\/product\/41011","targetHints":{"allow":["GET"]}}],"collection":[{"href":"https:\/\/shop.vallin.lv\/lt\/wp-json\/wp\/v2\/product"}],"about":[{"href":"https:\/\/shop.vallin.lv\/lt\/wp-json\/wp\/v2\/types\/product"}],"version-history":[{"count":1,"href":"https:\/\/shop.vallin.lv\/lt\/wp-json\/wp\/v2\/product\/41011\/revisions"}],"predecessor-version":[{"id":41747,"href":"https:\/\/shop.vallin.lv\/lt\/wp-json\/wp\/v2\/product\/41011\/revisions\/41747"}],"wp:featuredmedia":[{"embeddable":true,"href":"https:\/\/shop.vallin.lv\/lt\/wp-json\/wp\/v2\/product\/41011"}],"wp:attachment":[{"href":"https:\/\/shop.vallin.lv\/lt\/wp-json\/wp\/v2\/media?parent=41011"}],"wp:term":[{"taxonomy":"product_brand","embeddable":true,"href":"https:\/\/shop.vallin.lv\/lt\/wp-json\/wp\/v2\/product_brand?post=41011"},{"taxonomy":"product_cat","embeddable":true,"href":"https:\/\/shop.vallin.lv\/lt\/wp-json\/wp\/v2\/product_cat?post=41011"},{"taxonomy":"product_tag","embeddable":true,"href":"https:\/\/shop.vallin.lv\/lt\/wp-json\/wp\/v2\/product_tag?post=41011"}],"curies":[{"name":"wp","href":"https:\/\/api.w.org\/{rel}","templated":true}]}}