{"id":40996,"date":"2025-12-12T13:39:56","date_gmt":"2025-12-12T11:39:56","guid":{"rendered":"https:\/\/shop.vallin.lv\/product\/hnl-insulated-1-2-size-17-socket-wrench-long-up-to-1kv-ac-15kv-dc\/"},"modified":"2026-01-22T13:47:18","modified_gmt":"2026-01-22T11:47:18","slug":"hnl-insulated-1-2-size-17-socket-wrench-long-up-to-1kv-ac-15kv-dc","status":"publish","type":"product","link":"https:\/\/shop.vallin.lv\/lt\/produktas\/hnl-insulated-1-2-size-17-socket-wrench-long-up-to-1kv-ac-15kv-dc\/","title":{"rendered":"HNL izoliuotas 1\/2\" dydis 17 lizdo raktas ilgas, iki 1kV AC \/ 1,5kV DC"},"content":{"rendered":"<p>Insulated socket wrench, made from CrV steel with dodecagonal wrench. Socket 1\/2\" insulated with plastisol (PVC). Double-layered insulation, each layer at least 1 mm thick, and in contrasting colours: orange and white.<\/p>\n<p>Duomen\u0173 lapas:<br \/>\n<a href=\"https:\/\/hubix.pl\/en\/search\/hnl-insulated-12-size-17-socket-wrench-long-up-to-1kv-ac-15kv-dc.html\" target=\"_blank\" rel=\"noopener\">Per\u017ei\u016br\u0117ti<\/a><\/p>","protected":false},"excerpt":{"rendered":"<p>Insulated socket wrench, made from CrV steel with dodecagonal wrench. Socket 1\/2&#8243; insulated with plastisol (PVC). Double-layered insulation, each layer<\/p>","protected":false},"featured_media":0,"template":"","meta":[],"product_brand":[],"product_cat":[862],"product_tag":[],"class_list":{"0":"post-40996","1":"product","2":"type-product","3":"status-publish","5":"product_cat-for-work-up-to-1kv","7":"first","8":"outofstock","9":"taxable","10":"shipping-taxable","11":"purchasable","12":"product-type-simple"},"_links":{"self":[{"href":"https:\/\/shop.vallin.lv\/lt\/wp-json\/wp\/v2\/product\/40996","targetHints":{"allow":["GET"]}}],"collection":[{"href":"https:\/\/shop.vallin.lv\/lt\/wp-json\/wp\/v2\/product"}],"about":[{"href":"https:\/\/shop.vallin.lv\/lt\/wp-json\/wp\/v2\/types\/product"}],"version-history":[{"count":1,"href":"https:\/\/shop.vallin.lv\/lt\/wp-json\/wp\/v2\/product\/40996\/revisions"}],"predecessor-version":[{"id":41732,"href":"https:\/\/shop.vallin.lv\/lt\/wp-json\/wp\/v2\/product\/40996\/revisions\/41732"}],"wp:attachment":[{"href":"https:\/\/shop.vallin.lv\/lt\/wp-json\/wp\/v2\/media?parent=40996"}],"wp:term":[{"taxonomy":"product_brand","embeddable":true,"href":"https:\/\/shop.vallin.lv\/lt\/wp-json\/wp\/v2\/product_brand?post=40996"},{"taxonomy":"product_cat","embeddable":true,"href":"https:\/\/shop.vallin.lv\/lt\/wp-json\/wp\/v2\/product_cat?post=40996"},{"taxonomy":"product_tag","embeddable":true,"href":"https:\/\/shop.vallin.lv\/lt\/wp-json\/wp\/v2\/product_tag?post=40996"}],"curies":[{"name":"wp","href":"https:\/\/api.w.org\/{rel}","templated":true}]}}