{"id":40989,"date":"2025-12-12T13:39:53","date_gmt":"2025-12-12T11:39:53","guid":{"rendered":"https:\/\/shop.vallin.lv\/product\/insulated-adjustable-spanner-up-to-40-mm\/"},"modified":"2026-03-12T14:17:51","modified_gmt":"2026-03-12T12:17:51","slug":"insulated-adjustable-spanner-up-to-40-mm","status":"publish","type":"product","link":"https:\/\/shop.vallin.lv\/lt\/produktas\/insulated-adjustable-spanner-up-to-40-mm\/","title":{"rendered":"Izoliacija Reguliuojamas Spanner iki 40 mm"},"content":{"rendered":"<p>Spanners are used for live work up to 1 000 V AC or 1 500 V DC. The adjustable spanner is designed for loosening and tightening bolted connections on switchgear devices, cable lines and overhead lines.<\/p>\n<p>Duomen\u0173 lapas:<br \/>\n<a href=\"https:\/\/hubix.pl\/en\/search\/insulated-adjustable-spanner-up-to-40-mm.html\" target=\"_blank\" rel=\"noopener\">Per\u017ei\u016br\u0117ti<\/a><\/p>","protected":false},"excerpt":{"rendered":"<p>Spanners are used for live work up to 1 000 V AC or 1 500 V DC. The adjustable spanner<\/p>","protected":false},"featured_media":40989,"template":"","meta":[],"product_brand":[],"product_cat":[862],"product_tag":[],"class_list":{"0":"post-40989","1":"product","2":"type-product","3":"status-publish","4":"has-post-thumbnail","6":"product_cat-for-work-up-to-1kv","8":"first","9":"outofstock","10":"taxable","11":"shipping-taxable","12":"purchasable","13":"product-type-simple"},"_links":{"self":[{"href":"https:\/\/shop.vallin.lv\/lt\/wp-json\/wp\/v2\/product\/40989","targetHints":{"allow":["GET"]}}],"collection":[{"href":"https:\/\/shop.vallin.lv\/lt\/wp-json\/wp\/v2\/product"}],"about":[{"href":"https:\/\/shop.vallin.lv\/lt\/wp-json\/wp\/v2\/types\/product"}],"version-history":[{"count":1,"href":"https:\/\/shop.vallin.lv\/lt\/wp-json\/wp\/v2\/product\/40989\/revisions"}],"predecessor-version":[{"id":41725,"href":"https:\/\/shop.vallin.lv\/lt\/wp-json\/wp\/v2\/product\/40989\/revisions\/41725"}],"wp:featuredmedia":[{"embeddable":true,"href":"https:\/\/shop.vallin.lv\/lt\/wp-json\/wp\/v2\/product\/40989"}],"wp:attachment":[{"href":"https:\/\/shop.vallin.lv\/lt\/wp-json\/wp\/v2\/media?parent=40989"}],"wp:term":[{"taxonomy":"product_brand","embeddable":true,"href":"https:\/\/shop.vallin.lv\/lt\/wp-json\/wp\/v2\/product_brand?post=40989"},{"taxonomy":"product_cat","embeddable":true,"href":"https:\/\/shop.vallin.lv\/lt\/wp-json\/wp\/v2\/product_cat?post=40989"},{"taxonomy":"product_tag","embeddable":true,"href":"https:\/\/shop.vallin.lv\/lt\/wp-json\/wp\/v2\/product_tag?post=40989"}],"curies":[{"name":"wp","href":"https:\/\/api.w.org\/{rel}","templated":true}]}}