{"id":40980,"date":"2025-12-12T13:39:48","date_gmt":"2025-12-12T11:39:48","guid":{"rendered":"https:\/\/shop.vallin.lv\/product\/insulated-ring-ratchet-wrench-no-25\/"},"modified":"2026-01-22T13:47:14","modified_gmt":"2026-01-22T11:47:14","slug":"insulated-ring-ratchet-wrench-no-25","status":"publish","type":"product","link":"https:\/\/shop.vallin.lv\/lt\/produktas\/insulated-ring-ratchet-wrench-no-25\/","title":{"rendered":"Izoliuotas \u017eiedas reketas raktas Nr 25"},"content":{"rendered":"<p>Live working up to 1000 V AC and 1500 V DC on switchgear devices and on cable lines and overhead lines. The ring ratchet wrench is designed for loosening and tightening screw connections.<\/p>\n<p>Duomen\u0173 lapas:<br \/>\n<a href=\"https:\/\/hubix.pl\/en\/search\/insulated-ring-ratchet-wrench-no-25.html\" target=\"_blank\" rel=\"noopener\">Per\u017ei\u016br\u0117ti<\/a><\/p>","protected":false},"excerpt":{"rendered":"<p>Live working up to 1000 V AC and 1500 V DC on switchgear devices and on cable lines and overhead<\/p>","protected":false},"featured_media":0,"template":"","meta":[],"product_brand":[],"product_cat":[862],"product_tag":[],"class_list":{"0":"post-40980","1":"product","2":"type-product","3":"status-publish","5":"product_cat-for-work-up-to-1kv","7":"first","8":"outofstock","9":"taxable","10":"shipping-taxable","11":"purchasable","12":"product-type-simple"},"_links":{"self":[{"href":"https:\/\/shop.vallin.lv\/lt\/wp-json\/wp\/v2\/product\/40980","targetHints":{"allow":["GET"]}}],"collection":[{"href":"https:\/\/shop.vallin.lv\/lt\/wp-json\/wp\/v2\/product"}],"about":[{"href":"https:\/\/shop.vallin.lv\/lt\/wp-json\/wp\/v2\/types\/product"}],"version-history":[{"count":1,"href":"https:\/\/shop.vallin.lv\/lt\/wp-json\/wp\/v2\/product\/40980\/revisions"}],"predecessor-version":[{"id":41716,"href":"https:\/\/shop.vallin.lv\/lt\/wp-json\/wp\/v2\/product\/40980\/revisions\/41716"}],"wp:attachment":[{"href":"https:\/\/shop.vallin.lv\/lt\/wp-json\/wp\/v2\/media?parent=40980"}],"wp:term":[{"taxonomy":"product_brand","embeddable":true,"href":"https:\/\/shop.vallin.lv\/lt\/wp-json\/wp\/v2\/product_brand?post=40980"},{"taxonomy":"product_cat","embeddable":true,"href":"https:\/\/shop.vallin.lv\/lt\/wp-json\/wp\/v2\/product_cat?post=40980"},{"taxonomy":"product_tag","embeddable":true,"href":"https:\/\/shop.vallin.lv\/lt\/wp-json\/wp\/v2\/product_tag?post=40980"}],"curies":[{"name":"wp","href":"https:\/\/api.w.org\/{rel}","templated":true}]}}