{"id":40976,"date":"2025-12-12T13:39:46","date_gmt":"2025-12-12T11:39:46","guid":{"rendered":"https:\/\/shop.vallin.lv\/product\/insulated-ring-ratchet-wrench-no-19\/"},"modified":"2026-03-12T14:15:54","modified_gmt":"2026-03-12T12:15:54","slug":"insulated-ring-ratchet-wrench-no-19","status":"publish","type":"product","link":"https:\/\/shop.vallin.lv\/lt\/produktas\/insulated-ring-ratchet-wrench-no-19\/","title":{"rendered":"Izoliuotas Ring Ratchet Ver\u017eliaraktis Nr 19"},"content":{"rendered":"<p>Live working up to 1000 V AC and 1500 V DC on switchgear devices and on cable lines and overhead lines. The ring ratchet wrench is designed for loosening and tightening screw connections.<\/p>\n<p>Duomen\u0173 lapas:<br \/>\n<a href=\"https:\/\/hubix.pl\/en\/search\/insulated-ring-ratchet-wrench-no-19.html\" target=\"_blank\" rel=\"noopener\">Per\u017ei\u016br\u0117ti<\/a><\/p>","protected":false},"excerpt":{"rendered":"<p>Live working up to 1000 V AC and 1500 V DC on switchgear devices and on cable lines and overhead<\/p>","protected":false},"featured_media":40976,"template":"","meta":[],"product_brand":[],"product_cat":[862],"product_tag":[],"class_list":{"0":"post-40976","1":"product","2":"type-product","3":"status-publish","4":"has-post-thumbnail","6":"product_cat-for-work-up-to-1kv","8":"first","9":"outofstock","10":"taxable","11":"shipping-taxable","12":"purchasable","13":"product-type-simple"},"_links":{"self":[{"href":"https:\/\/shop.vallin.lv\/lt\/wp-json\/wp\/v2\/product\/40976","targetHints":{"allow":["GET"]}}],"collection":[{"href":"https:\/\/shop.vallin.lv\/lt\/wp-json\/wp\/v2\/product"}],"about":[{"href":"https:\/\/shop.vallin.lv\/lt\/wp-json\/wp\/v2\/types\/product"}],"version-history":[{"count":1,"href":"https:\/\/shop.vallin.lv\/lt\/wp-json\/wp\/v2\/product\/40976\/revisions"}],"predecessor-version":[{"id":41712,"href":"https:\/\/shop.vallin.lv\/lt\/wp-json\/wp\/v2\/product\/40976\/revisions\/41712"}],"wp:featuredmedia":[{"embeddable":true,"href":"https:\/\/shop.vallin.lv\/lt\/wp-json\/wp\/v2\/product\/40976"}],"wp:attachment":[{"href":"https:\/\/shop.vallin.lv\/lt\/wp-json\/wp\/v2\/media?parent=40976"}],"wp:term":[{"taxonomy":"product_brand","embeddable":true,"href":"https:\/\/shop.vallin.lv\/lt\/wp-json\/wp\/v2\/product_brand?post=40976"},{"taxonomy":"product_cat","embeddable":true,"href":"https:\/\/shop.vallin.lv\/lt\/wp-json\/wp\/v2\/product_cat?post=40976"},{"taxonomy":"product_tag","embeddable":true,"href":"https:\/\/shop.vallin.lv\/lt\/wp-json\/wp\/v2\/product_tag?post=40976"}],"curies":[{"name":"wp","href":"https:\/\/api.w.org\/{rel}","templated":true}]}}