{"id":40967,"date":"2025-12-12T13:39:41","date_gmt":"2025-12-12T11:39:41","guid":{"rendered":"https:\/\/shop.vallin.lv\/product\/insulated-socket-screwdriver-no-13\/"},"modified":"2026-03-12T14:17:32","modified_gmt":"2026-03-12T12:17:32","slug":"insulated-socket-screwdriver-no-13","status":"publish","type":"product","link":"https:\/\/shop.vallin.lv\/lt\/produktas\/insulated-socket-screwdriver-no-13\/","title":{"rendered":"Izoliuotas lizdas atsuktuvas Nr. 13"},"content":{"rendered":"<p>Socket screwdrivers are used for live work up to 1 000 V AC or up to 1 500 V DC, on switchgear devices and cable and overhead lines. The screwdriver is designed for loosening and tightening of connections that have hexagonal head screws.<\/p>\n<p>Duomen\u0173 lapas:<br \/>\n<a href=\"https:\/\/hubix.pl\/en\/search\/insulated-socket-screwdriver-no-13.html\" target=\"_blank\" rel=\"noopener\">Per\u017ei\u016br\u0117ti<\/a><\/p>","protected":false},"excerpt":{"rendered":"<p>Socket screwdrivers are used for live work up to 1 000 V AC or up to 1 500 V DC,<\/p>","protected":false},"featured_media":40967,"template":"","meta":[],"product_brand":[],"product_cat":[862],"product_tag":[],"class_list":{"0":"post-40967","1":"product","2":"type-product","3":"status-publish","4":"has-post-thumbnail","6":"product_cat-for-work-up-to-1kv","8":"first","9":"outofstock","10":"taxable","11":"shipping-taxable","12":"purchasable","13":"product-type-simple"},"_links":{"self":[{"href":"https:\/\/shop.vallin.lv\/lt\/wp-json\/wp\/v2\/product\/40967","targetHints":{"allow":["GET"]}}],"collection":[{"href":"https:\/\/shop.vallin.lv\/lt\/wp-json\/wp\/v2\/product"}],"about":[{"href":"https:\/\/shop.vallin.lv\/lt\/wp-json\/wp\/v2\/types\/product"}],"version-history":[{"count":1,"href":"https:\/\/shop.vallin.lv\/lt\/wp-json\/wp\/v2\/product\/40967\/revisions"}],"predecessor-version":[{"id":41703,"href":"https:\/\/shop.vallin.lv\/lt\/wp-json\/wp\/v2\/product\/40967\/revisions\/41703"}],"wp:featuredmedia":[{"embeddable":true,"href":"https:\/\/shop.vallin.lv\/lt\/wp-json\/wp\/v2\/product\/40967"}],"wp:attachment":[{"href":"https:\/\/shop.vallin.lv\/lt\/wp-json\/wp\/v2\/media?parent=40967"}],"wp:term":[{"taxonomy":"product_brand","embeddable":true,"href":"https:\/\/shop.vallin.lv\/lt\/wp-json\/wp\/v2\/product_brand?post=40967"},{"taxonomy":"product_cat","embeddable":true,"href":"https:\/\/shop.vallin.lv\/lt\/wp-json\/wp\/v2\/product_cat?post=40967"},{"taxonomy":"product_tag","embeddable":true,"href":"https:\/\/shop.vallin.lv\/lt\/wp-json\/wp\/v2\/product_tag?post=40967"}],"curies":[{"name":"wp","href":"https:\/\/api.w.org\/{rel}","templated":true}]}}