{"id":40960,"date":"2025-12-12T13:39:38","date_gmt":"2025-12-12T11:39:38","guid":{"rendered":"https:\/\/shop.vallin.lv\/product\/insulated-allen-wrench-no-8\/"},"modified":"2026-03-12T14:15:42","modified_gmt":"2026-03-12T12:15:42","slug":"insulated-allen-wrench-no-8","status":"publish","type":"product","link":"https:\/\/shop.vallin.lv\/lt\/produktas\/insulated-allen-wrench-no-8\/","title":{"rendered":"Izoliuotieji Allen Wrench Nr. 8"},"content":{"rendered":"<p>Allen wrenches are used for live work up to 1 000 V AC or 1 500 V DC on switchgear devices and on cable and overhead lines. The wrench is designed for loosening and tightening of hexagon socket head screws.<\/p>\n<p>Duomen\u0173 lapas:<br \/>\n<a href=\"https:\/\/hubix.pl\/en\/search\/insulated-allen-wrench-no-8.html\" target=\"_blank\" rel=\"noopener\">Per\u017ei\u016br\u0117ti<\/a><\/p>","protected":false},"excerpt":{"rendered":"<p>Allen wrenches are used for live work up to 1 000 V AC or 1 500 V DC on switchgear<\/p>","protected":false},"featured_media":40960,"template":"","meta":[],"product_brand":[],"product_cat":[862],"product_tag":[],"class_list":{"0":"post-40960","1":"product","2":"type-product","3":"status-publish","4":"has-post-thumbnail","6":"product_cat-for-work-up-to-1kv","8":"first","9":"outofstock","10":"taxable","11":"shipping-taxable","12":"purchasable","13":"product-type-simple"},"_links":{"self":[{"href":"https:\/\/shop.vallin.lv\/lt\/wp-json\/wp\/v2\/product\/40960","targetHints":{"allow":["GET"]}}],"collection":[{"href":"https:\/\/shop.vallin.lv\/lt\/wp-json\/wp\/v2\/product"}],"about":[{"href":"https:\/\/shop.vallin.lv\/lt\/wp-json\/wp\/v2\/types\/product"}],"version-history":[{"count":1,"href":"https:\/\/shop.vallin.lv\/lt\/wp-json\/wp\/v2\/product\/40960\/revisions"}],"predecessor-version":[{"id":41696,"href":"https:\/\/shop.vallin.lv\/lt\/wp-json\/wp\/v2\/product\/40960\/revisions\/41696"}],"wp:featuredmedia":[{"embeddable":true,"href":"https:\/\/shop.vallin.lv\/lt\/wp-json\/wp\/v2\/product\/40960"}],"wp:attachment":[{"href":"https:\/\/shop.vallin.lv\/lt\/wp-json\/wp\/v2\/media?parent=40960"}],"wp:term":[{"taxonomy":"product_brand","embeddable":true,"href":"https:\/\/shop.vallin.lv\/lt\/wp-json\/wp\/v2\/product_brand?post=40960"},{"taxonomy":"product_cat","embeddable":true,"href":"https:\/\/shop.vallin.lv\/lt\/wp-json\/wp\/v2\/product_cat?post=40960"},{"taxonomy":"product_tag","embeddable":true,"href":"https:\/\/shop.vallin.lv\/lt\/wp-json\/wp\/v2\/product_tag?post=40960"}],"curies":[{"name":"wp","href":"https:\/\/api.w.org\/{rel}","templated":true}]}}