{"id":40573,"date":"2025-12-11T11:01:27","date_gmt":"2025-12-11T09:01:27","guid":{"rendered":"https:\/\/shop.vallin.lv\/product\/lc-upc-lc-upc-patchcord-om2-2mm-duplex-lszh-5-mt-orange\/"},"modified":"2026-03-12T15:18:23","modified_gmt":"2026-03-12T13:18:23","slug":"lc-upc-lc-upc-patchcord-om2-2mm-duplex-lszh-5-mt-orange","status":"publish","type":"product","link":"https:\/\/shop.vallin.lv\/lt\/produktas\/lc-upc-lc-upc-patchcord-om2-2mm-duplex-lszh-5-mt-orange\/","title":{"rendered":"LC\/UPC LC\/UPC PATCHCORD OM2 2MM DUPLEX LSZH 5 MT ORANGE"},"content":{"rendered":"<p>The 50\/125 OM2 duplex fibre-optic patch cords are designed for high-speed networks and data centres. With a 50 micron core and a 125 micron jacket, these multimode fibre-optic patch cords guarantee fast and reliable data transmission, supporting easy installation thanks to the plug-and-play design and the strength of the materials used.<\/p>\n<p>Duomen\u0173 lapas:<br \/>\n<a href=\"https:\/\/www.lgoptic.com\/wp-content\/uploads\/2024\/07\/BRETELLA-DUPLEX-OM2_R1_24.pdf\" target=\"_blank\">Per\u017ei\u016br\u0117ti<\/a><\/p>","protected":false},"excerpt":{"rendered":"<p>The 50\/125 OM2 duplex fibre-optic patch cords are designed for high-speed networks and data centres. With a 50 micron core<\/p>","protected":false},"featured_media":40573,"template":"","meta":[],"product_brand":[],"product_cat":[554],"product_tag":[],"class_list":{"0":"post-40573","1":"product","2":"type-product","3":"status-publish","4":"has-post-thumbnail","6":"product_cat-lc-xpc","8":"first","9":"outofstock","10":"taxable","11":"shipping-taxable","12":"purchasable","13":"product-type-simple"},"_links":{"self":[{"href":"https:\/\/shop.vallin.lv\/lt\/wp-json\/wp\/v2\/product\/40573","targetHints":{"allow":["GET"]}}],"collection":[{"href":"https:\/\/shop.vallin.lv\/lt\/wp-json\/wp\/v2\/product"}],"about":[{"href":"https:\/\/shop.vallin.lv\/lt\/wp-json\/wp\/v2\/types\/product"}],"version-history":[{"count":1,"href":"https:\/\/shop.vallin.lv\/lt\/wp-json\/wp\/v2\/product\/40573\/revisions"}],"predecessor-version":[{"id":47259,"href":"https:\/\/shop.vallin.lv\/lt\/wp-json\/wp\/v2\/product\/40573\/revisions\/47259"}],"wp:featuredmedia":[{"embeddable":true,"href":"https:\/\/shop.vallin.lv\/lt\/wp-json\/wp\/v2\/product\/40573"}],"wp:attachment":[{"href":"https:\/\/shop.vallin.lv\/lt\/wp-json\/wp\/v2\/media?parent=40573"}],"wp:term":[{"taxonomy":"product_brand","embeddable":true,"href":"https:\/\/shop.vallin.lv\/lt\/wp-json\/wp\/v2\/product_brand?post=40573"},{"taxonomy":"product_cat","embeddable":true,"href":"https:\/\/shop.vallin.lv\/lt\/wp-json\/wp\/v2\/product_cat?post=40573"},{"taxonomy":"product_tag","embeddable":true,"href":"https:\/\/shop.vallin.lv\/lt\/wp-json\/wp\/v2\/product_tag?post=40573"}],"curies":[{"name":"wp","href":"https:\/\/api.w.org\/{rel}","templated":true}]}}