{"id":40489,"date":"2025-12-11T10:58:25","date_gmt":"2025-12-11T08:58:25","guid":{"rendered":"https:\/\/shop.vallin.lv\/product\/spacer-for-suspended-ceilings-o-68mm-o-80mm-depth-40mm-100mm\/"},"modified":"2026-04-16T13:25:55","modified_gmt":"2026-04-16T11:25:55","slug":"spacer-for-suspended-ceilings-o-68mm-o-80mm-depth-40mm-100mm","status":"publish","type":"product","link":"https:\/\/shop.vallin.lv\/lt\/produktas\/spacer-for-suspended-ceilings-o-68mm-o-80mm-depth-40mm-100mm\/","title":{"rendered":"Tarpin\u0117 pakabinamoms luboms  68mm -  80mm, gylis 40mm - 100mm"},"content":{"rendered":"<p>Spacer<br \/>\nThe spacer for the installation of swivelling built-in halogen and LED luminaires in various ceiling constructions. The housing ensures the necessary distance between the luminaire and the surrounding material. In this way, materials such as the moisture barrier and insulation are efficiently protected against the luminaire\u2019s high operating temperatures. This protective measure can be provided for both new buildings and retrofitting work. The housing is suitable for installation diaMeters between 68 and 80 mm, and can be adapted for use with different installation heights from 40 to 100 mm. After installation, the spacer stands securely on the boarding. This means that the installation diameter is fully retained and guarantees a secure fit.<\/p>\n<p>Installation in \u00d8 68 \u2013 80 mm openings<br \/>\nMaximum flexibility: Installation height from 100 \u2013 40 mm<br \/>\nIndependent of boarding material and thickness<br \/>\nSecure fit by means of installation on the ceiling<br \/>\nUse with all standard LV \/ HV \/ LED lamps<\/p>\n<p><a href=\"https:\/\/www.kaiser-elektro.de\/en_DE\/redirect\/article-plain\/identifier\/9310-10\" target=\"_blank\" rel=\"noopener\">Daugiau informacijos<\/a><\/p>\n<p>Duomen\u0173 lapas:<br \/>\n<a href=\"https:\/\/www.kaiser-elektro.de\/en_DE\/redirect\/datasheet\/identifier\/9310-10\" target=\"_blank\" rel=\"noopener\">Per\u017ei\u016br\u0117ti<\/a><\/p>","protected":false},"excerpt":{"rendered":"<p>Spacer The spacer for the installation of swivelling built-in halogen and LED luminaires in various ceiling constructions. The housing ensures<\/p>","protected":false},"featured_media":40489,"template":"","meta":[],"product_brand":[],"product_cat":[788],"product_tag":[],"class_list":{"0":"post-40489","1":"product","2":"type-product","3":"status-publish","4":"has-post-thumbnail","6":"product_cat-accessories-installation-boxes-and-systems","8":"first","9":"outofstock","10":"taxable","11":"shipping-taxable","12":"purchasable","13":"product-type-simple"},"_links":{"self":[{"href":"https:\/\/shop.vallin.lv\/lt\/wp-json\/wp\/v2\/product\/40489","targetHints":{"allow":["GET"]}}],"collection":[{"href":"https:\/\/shop.vallin.lv\/lt\/wp-json\/wp\/v2\/product"}],"about":[{"href":"https:\/\/shop.vallin.lv\/lt\/wp-json\/wp\/v2\/types\/product"}],"version-history":[{"count":3,"href":"https:\/\/shop.vallin.lv\/lt\/wp-json\/wp\/v2\/product\/40489\/revisions"}],"predecessor-version":[{"id":67917,"href":"https:\/\/shop.vallin.lv\/lt\/wp-json\/wp\/v2\/product\/40489\/revisions\/67917"}],"wp:featuredmedia":[{"embeddable":true,"href":"https:\/\/shop.vallin.lv\/lt\/wp-json\/wp\/v2\/product\/40489"}],"wp:attachment":[{"href":"https:\/\/shop.vallin.lv\/lt\/wp-json\/wp\/v2\/media?parent=40489"}],"wp:term":[{"taxonomy":"product_brand","embeddable":true,"href":"https:\/\/shop.vallin.lv\/lt\/wp-json\/wp\/v2\/product_brand?post=40489"},{"taxonomy":"product_cat","embeddable":true,"href":"https:\/\/shop.vallin.lv\/lt\/wp-json\/wp\/v2\/product_cat?post=40489"},{"taxonomy":"product_tag","embeddable":true,"href":"https:\/\/shop.vallin.lv\/lt\/wp-json\/wp\/v2\/product_tag?post=40489"}],"curies":[{"name":"wp","href":"https:\/\/api.w.org\/{rel}","templated":true}]}}