{"id":40487,"date":"2025-12-11T10:52:10","date_gmt":"2025-12-11T08:52:10","guid":{"rendered":"https:\/\/shop.vallin.lv\/product\/universal-equipment-carrier-with-rockwool-blank-cut-for-insulation-thickness-80-160-mm\/"},"modified":"2026-04-16T13:26:00","modified_gmt":"2026-04-16T11:26:00","slug":"universal-equipment-carrier-with-rockwool-blank-cut-for-insulation-thickness-80-160-mm","status":"publish","type":"product","link":"https:\/\/shop.vallin.lv\/lt\/produktas\/universal-equipment-carrier-with-rockwool-blank-cut-for-insulation-thickness-80-160-mm\/","title":{"rendered":"Universalios \u012frangos laikiklis su akmeniniu tu\u0161\u010diaviduriu pj\u016bviu izoliacijos storiui 80 - 160 mm"},"content":{"rendered":"<p>Universal equipment carrier<br \/>\nUniversal equipment carrier for securely attaching electrical installations in or to heat-insulating external facades. Stable attachment of external lights, sockets, motion detectors, external temperature sensors, radio receivers, anemoMeters, cameras, letter boxes and much more.<\/p>\n<p>Secure attachment of various equipment to or in insulated external facades.<br \/>\nPrevents heat bridges<br \/>\nQuick installation with snap-in connections<br \/>\nFor insulation thicknesses of 60 to 360 mm<\/p>\n<p><a href=\"https:\/\/www.kaiser-elektro.de\/en_DE\/redirect\/article-plain\/identifier\/1159-24\" target=\"_blank\" rel=\"noopener\">Daugiau informacijos<\/a><\/p>\n<p>Duomen\u0173 lapas:<br \/>\n<a href=\"https:\/\/www.kaiser-elektro.de\/en_DE\/redirect\/datasheet\/identifier\/1159-24\" target=\"_blank\" rel=\"noopener\">Per\u017ei\u016br\u0117ti<\/a><\/p>\n<p>Sertifikatas:<br \/>\n<a href=\"https:\/\/assets.kaiser-elektro.de\/media\/12\/12205\/Zertifikat_Waermebrueckenberechnung_Geraetetraeger_web_DE.pdf\" target=\"_blank\" rel=\"noopener\">3D thermal bridge calculation for an equipment carrier<\/a><\/p>","protected":false},"excerpt":{"rendered":"<p>Universal equipment carrier Universal equipment carrier for securely attaching electrical installations in or to heat-insulating external facades. Stable attachment of<\/p>","protected":false},"featured_media":40487,"template":"","meta":[],"product_brand":[],"product_cat":[784],"product_tag":[],"class_list":{"0":"post-40487","1":"product","2":"type-product","3":"status-publish","4":"has-post-thumbnail","6":"product_cat-boxes-for-concrete-walls","8":"first","9":"outofstock","10":"taxable","11":"shipping-taxable","12":"purchasable","13":"product-type-simple"},"_links":{"self":[{"href":"https:\/\/shop.vallin.lv\/lt\/wp-json\/wp\/v2\/product\/40487","targetHints":{"allow":["GET"]}}],"collection":[{"href":"https:\/\/shop.vallin.lv\/lt\/wp-json\/wp\/v2\/product"}],"about":[{"href":"https:\/\/shop.vallin.lv\/lt\/wp-json\/wp\/v2\/types\/product"}],"version-history":[{"count":3,"href":"https:\/\/shop.vallin.lv\/lt\/wp-json\/wp\/v2\/product\/40487\/revisions"}],"predecessor-version":[{"id":67754,"href":"https:\/\/shop.vallin.lv\/lt\/wp-json\/wp\/v2\/product\/40487\/revisions\/67754"}],"wp:featuredmedia":[{"embeddable":true,"href":"https:\/\/shop.vallin.lv\/lt\/wp-json\/wp\/v2\/product\/40487"}],"wp:attachment":[{"href":"https:\/\/shop.vallin.lv\/lt\/wp-json\/wp\/v2\/media?parent=40487"}],"wp:term":[{"taxonomy":"product_brand","embeddable":true,"href":"https:\/\/shop.vallin.lv\/lt\/wp-json\/wp\/v2\/product_brand?post=40487"},{"taxonomy":"product_cat","embeddable":true,"href":"https:\/\/shop.vallin.lv\/lt\/wp-json\/wp\/v2\/product_cat?post=40487"},{"taxonomy":"product_tag","embeddable":true,"href":"https:\/\/shop.vallin.lv\/lt\/wp-json\/wp\/v2\/product_tag?post=40487"}],"curies":[{"name":"wp","href":"https:\/\/api.w.org\/{rel}","templated":true}]}}