{"id":32884,"date":"2025-12-10T21:59:00","date_gmt":"2025-12-10T19:59:00","guid":{"rendered":"https:\/\/shop.vallin.lv\/product\/19-free-standing-iseven-server-rack-height-48u-width-600mm-depth-1200mm-rear-vertically-divided-door-2\/"},"modified":"2026-03-12T13:41:46","modified_gmt":"2026-03-12T11:41:46","slug":"19-free-standing-iseven-server-rack-height-48u-width-600mm-depth-1200mm-rear-vertically-divided-door-2","status":"publish","type":"product","link":"https:\/\/shop.vallin.lv\/lt\/produktas\/19-free-standing-iseven-server-rack-height-48u-width-600mm-depth-1200mm-rear-vertically-divided-door-2\/","title":{"rendered":"19\" stovin\u010dioje iSEVEN SERVER stovo auk\u0161tis 48U, plotis 600mm, gylis 1200mm, galin\u0117s vertikaliai padalintos durys"},"content":{"rendered":"<p>Basic information:<br \/>\nHeight: 48U<br \/>\nDepth: 1200mm<br \/>\nWidth: 600mm<br \/>\nColor:  black - RAL 9005<br \/>\nStandard equipment: 19\" extrusions: 2 pairs; A-profile (600mm) or A-profile (800mm) with up to 3x2U additional 19\" vertical positions per extrusion<br \/>\nFront vented door 86%, rear vertically divided door, singlepoint, universal key 333, DIN profile<br \/>\n1 pair of side panels with lock<br \/>\nEarthing kit<br \/>\n28 mounting kits<br \/>\nLoad rating: 1500kg<br \/>\nDelivery conditions: iSEVEN SERVER rack is delivered assembled and palletized<\/p>\n<p>Duomen\u0173 lapas:<br \/>\n<a href=\"https:\/\/www.conteg.com\/userfiles\/iseven-server-datasheet-conteg-en-2b00af26.pdf\" target=\"_blank\" rel=\"noopener\">Per\u017ei\u016br\u0117ti<\/a><\/p>","protected":false},"excerpt":{"rendered":"<p>Basic information: Height: 48U Depth: 1200mm Width: 600mm Color: black &#8211; RAL 9005 Standard equipment: 19&#8243; extrusions: 2 pairs; A-profile<\/p>","protected":false},"featured_media":32884,"template":"","meta":[],"product_brand":[],"product_cat":[318],"product_tag":[],"class_list":{"0":"post-32884","1":"product","2":"type-product","3":"status-publish","4":"has-post-thumbnail","6":"product_cat-19-floor-cabinets","8":"first","9":"outofstock","10":"taxable","11":"shipping-taxable","12":"purchasable","13":"product-type-simple"},"_links":{"self":[{"href":"https:\/\/shop.vallin.lv\/lt\/wp-json\/wp\/v2\/product\/32884","targetHints":{"allow":["GET"]}}],"collection":[{"href":"https:\/\/shop.vallin.lv\/lt\/wp-json\/wp\/v2\/product"}],"about":[{"href":"https:\/\/shop.vallin.lv\/lt\/wp-json\/wp\/v2\/types\/product"}],"version-history":[{"count":1,"href":"https:\/\/shop.vallin.lv\/lt\/wp-json\/wp\/v2\/product\/32884\/revisions"}],"predecessor-version":[{"id":40205,"href":"https:\/\/shop.vallin.lv\/lt\/wp-json\/wp\/v2\/product\/32884\/revisions\/40205"}],"wp:featuredmedia":[{"embeddable":true,"href":"https:\/\/shop.vallin.lv\/lt\/wp-json\/wp\/v2\/product\/32884"}],"wp:attachment":[{"href":"https:\/\/shop.vallin.lv\/lt\/wp-json\/wp\/v2\/media?parent=32884"}],"wp:term":[{"taxonomy":"product_brand","embeddable":true,"href":"https:\/\/shop.vallin.lv\/lt\/wp-json\/wp\/v2\/product_brand?post=32884"},{"taxonomy":"product_cat","embeddable":true,"href":"https:\/\/shop.vallin.lv\/lt\/wp-json\/wp\/v2\/product_cat?post=32884"},{"taxonomy":"product_tag","embeddable":true,"href":"https:\/\/shop.vallin.lv\/lt\/wp-json\/wp\/v2\/product_tag?post=32884"}],"curies":[{"name":"wp","href":"https:\/\/api.w.org\/{rel}","templated":true}]}}