{"id":32748,"date":"2025-12-10T21:58:20","date_gmt":"2025-12-10T19:58:20","guid":{"rendered":"https:\/\/shop.vallin.lv\/product\/bkt-u-utp-cat-6-patch-cord-lszh-grey-rj45-5m\/"},"modified":"2026-04-16T13:24:01","modified_gmt":"2026-04-16T11:24:01","slug":"bkt-u-utp-cat-6-patch-cord-lszh-grey-rj45-5m","status":"publish","type":"product","link":"https:\/\/shop.vallin.lv\/lt\/produktas\/bkt-u-utp-cat-6-patch-cord-lszh-grey-rj45-5m\/","title":{"rendered":"BKT U\/UTP cat.6 pleistro laidas LSZH pilkas RJ45 - 5m"},"content":{"rendered":"<p>BKT U\/UTP cat.6 patch cord LSOH grey RJ45 molded plug 5m<\/p>\n<p>Duomen\u0173 lapas:<br \/>\n<a href=\"https:\/\/handler.shop.vallin.lv\/images\/VALLINSHOP\/Telecom\/Specification\/PI_11450010.pdf\" target=\"_blank\">Per\u017ei\u016br\u0117ti<\/a><\/p>","protected":false},"excerpt":{"rendered":"<p>BKT U\/UTP cat.6 patch cord LSOH grey RJ45 molded plug 5m Data Sheet: View<\/p>","protected":false},"featured_media":32748,"template":"","meta":[],"product_brand":[],"product_cat":[742],"product_tag":[],"class_list":{"0":"post-32748","1":"product","2":"type-product","3":"status-publish","4":"has-post-thumbnail","6":"product_cat-cat6-patch-cords","8":"first","9":"instock","10":"taxable","11":"shipping-taxable","12":"purchasable","13":"product-type-simple"},"_links":{"self":[{"href":"https:\/\/shop.vallin.lv\/lt\/wp-json\/wp\/v2\/product\/32748","targetHints":{"allow":["GET"]}}],"collection":[{"href":"https:\/\/shop.vallin.lv\/lt\/wp-json\/wp\/v2\/product"}],"about":[{"href":"https:\/\/shop.vallin.lv\/lt\/wp-json\/wp\/v2\/types\/product"}],"version-history":[{"count":2,"href":"https:\/\/shop.vallin.lv\/lt\/wp-json\/wp\/v2\/product\/32748\/revisions"}],"predecessor-version":[{"id":41528,"href":"https:\/\/shop.vallin.lv\/lt\/wp-json\/wp\/v2\/product\/32748\/revisions\/41528"}],"wp:featuredmedia":[{"embeddable":true,"href":"https:\/\/shop.vallin.lv\/lt\/wp-json\/wp\/v2\/product\/32748"}],"wp:attachment":[{"href":"https:\/\/shop.vallin.lv\/lt\/wp-json\/wp\/v2\/media?parent=32748"}],"wp:term":[{"taxonomy":"product_brand","embeddable":true,"href":"https:\/\/shop.vallin.lv\/lt\/wp-json\/wp\/v2\/product_brand?post=32748"},{"taxonomy":"product_cat","embeddable":true,"href":"https:\/\/shop.vallin.lv\/lt\/wp-json\/wp\/v2\/product_cat?post=32748"},{"taxonomy":"product_tag","embeddable":true,"href":"https:\/\/shop.vallin.lv\/lt\/wp-json\/wp\/v2\/product_tag?post=32748"}],"curies":[{"name":"wp","href":"https:\/\/api.w.org\/{rel}","templated":true}]}}