{"id":32131,"date":"2025-12-10T20:30:50","date_gmt":"2025-12-10T18:30:50","guid":{"rendered":"https:\/\/shop.vallin.lv\/product\/adapter-plate-for-luna-star-2\/"},"modified":"2026-04-16T14:19:59","modified_gmt":"2026-04-16T12:19:59","slug":"adapter-plate-for-luna-star-2","status":"publish","type":"product","link":"https:\/\/shop.vallin.lv\/lt\/produktas\/adapter-plate-for-luna-star-2\/","title":{"rendered":"Adapterio plok\u0161tel\u0117 LUNA \u017evaig\u017edutei"},"content":{"rendered":"<p>Adapter plate for LUNA star devices, suitable for various brands, anthracite<\/p>\n<p><a href=\"https:\/\/www.theben.de\/product\/9080044\" target=\"_blank\" rel=\"noopener\">Daugiau informacijos<\/a><\/p>\n<p>Duomen\u0173 lapas:<br \/>\n<a href=\"https:\/\/www.theben.de\/product\/9080044\/datasheet\" target=\"_blank\" rel=\"noopener\">Per\u017ei\u016br\u0117ti<\/a><\/p>","protected":false},"excerpt":{"rendered":"<p>Adapter plate for LUNA star devices, suitable for various brands, anthracite More information Data Sheet: View<\/p>","protected":false},"featured_media":32131,"template":"","meta":[],"product_brand":[],"product_cat":[904],"product_tag":[],"class_list":{"0":"post-32131","1":"product","2":"type-product","3":"status-publish","4":"has-post-thumbnail","6":"product_cat-wallmounted-twilight-switches","8":"first","9":"outofstock","10":"taxable","11":"shipping-taxable","12":"purchasable","13":"product-type-simple"},"_links":{"self":[{"href":"https:\/\/shop.vallin.lv\/lt\/wp-json\/wp\/v2\/product\/32131","targetHints":{"allow":["GET"]}}],"collection":[{"href":"https:\/\/shop.vallin.lv\/lt\/wp-json\/wp\/v2\/product"}],"about":[{"href":"https:\/\/shop.vallin.lv\/lt\/wp-json\/wp\/v2\/types\/product"}],"version-history":[{"count":3,"href":"https:\/\/shop.vallin.lv\/lt\/wp-json\/wp\/v2\/product\/32131\/revisions"}],"predecessor-version":[{"id":68659,"href":"https:\/\/shop.vallin.lv\/lt\/wp-json\/wp\/v2\/product\/32131\/revisions\/68659"}],"wp:featuredmedia":[{"embeddable":true,"href":"https:\/\/shop.vallin.lv\/lt\/wp-json\/wp\/v2\/product\/32131"}],"wp:attachment":[{"href":"https:\/\/shop.vallin.lv\/lt\/wp-json\/wp\/v2\/media?parent=32131"}],"wp:term":[{"taxonomy":"product_brand","embeddable":true,"href":"https:\/\/shop.vallin.lv\/lt\/wp-json\/wp\/v2\/product_brand?post=32131"},{"taxonomy":"product_cat","embeddable":true,"href":"https:\/\/shop.vallin.lv\/lt\/wp-json\/wp\/v2\/product_cat?post=32131"},{"taxonomy":"product_tag","embeddable":true,"href":"https:\/\/shop.vallin.lv\/lt\/wp-json\/wp\/v2\/product_tag?post=32131"}],"curies":[{"name":"wp","href":"https:\/\/api.w.org\/{rel}","templated":true}]}}